{"id":26,"date":"2023-10-26T13:07:39","date_gmt":"2023-10-26T10:07:39","guid":{"rendered":"https:\/\/ozkeskinogullari.com\/?page_id=26"},"modified":"2023-11-13T12:01:13","modified_gmt":"2023-11-13T09:01:13","slug":"teklif-al","status":"publish","type":"page","link":"https:\/\/ozkeskinogullari.com\/en\/teklif-al\/","title":{"rendered":"Get an Offer!"},"content":{"rendered":"<section class=\"wpb-content-wrapper\"><div id=\"banners-row\" class=\"vc_row wpb_row vc_row-fluid\"><div class=\"wpb_column vc_column_container vc_col-sm-12\"><div class=\"vc_column-inner\"><div class=\"wpb_wrapper\">\t\t\t<link rel=\"stylesheet\" id=\"wd-banner-css\" href=\"https:\/\/ozkeskinogullari.com\/wp-content\/themes\/pixel-wp\/css\/parts\/wpb-el-banner.min.css?ver=6.1\" type=\"text\/css\" media=\"all\" \/> \t\t\t\t\t<div class=\"promo-banner-wrapper\">\r\n\t\t\t<div id=\"wd-6550da6904287\" class=\"promo-banner banner- banner-hover-none color-scheme-light banner-btn-size-default banner-btn-style-default wd-display-image banner-vr-align-top banner-hr-align-left\" \r\n\t\t\t\t\t\t\t\t\t\t\t >\r\n\r\n\t\t\t\t<div class=\"main-wrapp-img\">\r\n\t\t\t\t\t\t\t\t\t\t\t<div class=\"banner-image\">\r\n\t\t\t\t\t\t\t<img width=\"1920\" height=\"600\" src=\"https:\/\/ozkeskinogullari.com\/wp-content\/uploads\/2023\/11\/cubic-meter-calc-desktop-banner-en.jpg\" class=\"promo-banner-image attachment-full\" alt=\"\" decoding=\"async\" title=\"cubic-meter-calc-desktop-banner-en\" loading=\"lazy\" srcset=\"https:\/\/ozkeskinogullari.com\/wp-content\/uploads\/2023\/11\/cubic-meter-calc-desktop-banner-en.jpg 1920w, https:\/\/ozkeskinogullari.com\/wp-content\/uploads\/2023\/11\/cubic-meter-calc-desktop-banner-en-300x94.jpg 300w, https:\/\/ozkeskinogullari.com\/wp-content\/uploads\/2023\/11\/cubic-meter-calc-desktop-banner-en-1024x320.jpg 1024w, https:\/\/ozkeskinogullari.com\/wp-content\/uploads\/2023\/11\/cubic-meter-calc-desktop-banner-en-768x240.jpg 768w, https:\/\/ozkeskinogullari.com\/wp-content\/uploads\/2023\/11\/cubic-meter-calc-desktop-banner-en-1536x480.jpg 1536w, https:\/\/ozkeskinogullari.com\/wp-content\/uploads\/2023\/11\/cubic-meter-calc-desktop-banner-en-18x6.jpg 18w\" sizes=\"(max-width: 1920px) 100vw, 1920px\" \/>\t\t\t\t\t\t<\/div>\r\n\t\t\t\t\t\t\t\t\t<\/div>\r\n\r\n\t\t\t\t<div class=\"wrapper-content-banner wd-fill  wd-items-top wd-justify-left\">\r\n\t\t\t\t\t<div class=\"content-banner text-left wd-width-100\">\r\n\t\t\t\t\t\t\t<div class=\"banner-title-wrap banner-title-default\">\r\n\t\t\t\t\t\t\t\t\t\t\t\t\t\t\t\t\t\t\t\t\t\t\t\t\t<\/div>\r\n\t\t\t\t\t\t\t\t\t\t\t\t\t\t\t\t\t<\/div>\r\n\t\t\t\t<\/div>\r\n\t\t\t\t\t\t\t<\/div>\r\n\t\t<\/div>\r\n\t\t\r\n\t\t<\/div><\/div><\/div><\/div><div id=\"cubic-meters-row\" class=\"vc_row wpb_row vc_row-fluid\"><div class=\"wpb_column vc_column_container vc_col-sm-12\"><div class=\"vc_column-inner\"><div class=\"wpb_wrapper\">\n\t<div class=\"wpb_raw_code wpb_content_element wpb_raw_html\" >\n\t\t<div class=\"wpb_wrapper\">\n\t\t\t<table class=\"cubic-meters-container\">\n    <thead>\n        <tr>\n            <th><\/th>\n            <th>Width (cm)<\/th>\n            <th>Length (cm)<\/th>\n            <th>Height (cm)<\/th>\n            <th>Quantity<\/th>\n            <th>Capacity (m3)<\/th>\n            <th><\/th>\n        <\/tr>\n    <\/thead>\n    <tbody>\n        <tr class=\"cubic-product-row\">\n            <td class=\"product-icon\"><img src=\"\/wp-content\/uploads\/2023\/11\/product-icon.png\"><\/td>\n            <td><label>Width (cm)<\/label><input type=\"text\" class=\"urun-en-inpt\"><\/td>\n            <td><label>Length (cm)<\/label><input type=\"text\" class=\"urun-boy-inpt\"><\/td>\n            <td><label>Height (cm)<\/label><input type=\"text\" class=\"urun-yukseklik-inpt\"><\/td>\n            <td><label>Quantity<\/label><input type=\"text\" class=\"urun-adet-inpt\"><\/td>\n            <td class=\"cubic-product-hacim\"><label>Capacity (m3)<\/label><input type=\"text\" class=\"urun-hacim-inpt\" readonly=\"\" disabled><\/td>\n            <td><\/td>\n        <\/tr>\n        <tr class=\"table-bottom\">\n            <td class=\"add-btn-td\"><button class=\"add-btn\"> + <\/button><\/td>\n            <td  class=\"empty-td\" colspan=\"3\"><\/td>\n            <td class=\"total-hacim-text\">Total Capacity <\/td>\n            <td ><input type=\"text\" class=\"urun-toplam-hacim-inpt\" readonly=\"\" disabled><\/td>\n            <td class=\"empty-td\" colspan=\"1\"><\/td>\n        <\/tr>\n    <\/tbody>\n<\/table>\n\t\t<\/div>\n\t<\/div>\n\n\t<div class=\"wpb_raw_code wpb_raw_js\" >\n\t\t<div class=\"wpb_wrapper\">\n\t\t\t<script>\n$ = jQuery;\n$(document).ready(function () {\n    \/\/ Sayfa y\u00fcklendi\u011finde ve butona t\u0131kland\u0131\u011f\u0131nda calculateVolume fonksiyonunu \u00e7a\u011f\u0131r\n    calculateVolume();\n\n    \/\/ Input de\u011ferleri de\u011fi\u015fti\u011finde ve \"\u00dcr\u00fcn Ekle\" butonuna t\u0131kland\u0131\u011f\u0131nda calculateVolume fonksiyonunu \u00e7a\u011f\u0131ran event listener'lar\n    $(document).on('input', '.urun-en-inpt, .urun-boy-inpt, .urun-yukseklik-inpt, .urun-adet-inpt, .urun-hacim-inpt', function () {\n        calculateVolume();\n    });\n\n    \/\/ \"\u00dcr\u00fcn Ekle\" butonuna t\u0131kland\u0131\u011f\u0131nda\n    $(document).on('click', '.add-btn', function () {\n        \/\/ Yeni sat\u0131r\u0131 ekleyerek input alanlar\u0131n\u0131 temizle\n        var newRow = '<tr class=\"cubic-product-row\">' +\n            '<td class=\"product-icon\"><img src=\"\/wp-content\/uploads\/2023\/11\/product-icon.png\"><\/td>' +\n            '<td><label>En (Cm)<\/label><input type=\"text\" class=\"urun-en-inpt\"><\/td>' +\n            '<td><label>Boy (Cm)<\/label><input type=\"text\" class=\"urun-boy-inpt\"><\/td>' +\n            '<td><label>Y\u00fckseklik (Cm)<\/label><input type=\"text\" class=\"urun-yukseklik-inpt\"><\/td>' +\n            '<td><label>Adet<\/label><input type=\"text\" class=\"urun-adet-inpt\"><\/td>' +\n            '<td class=\"cubic-product-hacim\"><label>Hacim (m3)<\/label><input type=\"text\" class=\"urun-hacim-inpt\" readonly=\"\" disabled><\/td>' +\n            '<td><button class=\"delete-product\">X<\/button><\/td>' +\n            '<\/tr>';\n\n        \/\/ Yeni sat\u0131r\u0131 tablonun sondan bir \u00f6ncekine ekle\n        $('.cubic-meters-container tbody tr:last').before(newRow);\n\n        \/\/ Yeni sat\u0131rdaki input alanlar\u0131n\u0131 dinle\n        calculateVolume();\n    });\n\n    \/\/ \"Delete\" butonuna t\u0131kland\u0131\u011f\u0131nda\n    $(document).on('click', '.delete-product', function () {\n        \/\/ Bu butona t\u0131klanan sat\u0131r\u0131 sil\n        $(this).closest('tr').remove();\n\n        \/\/ Yeni sat\u0131rdaki input alanlar\u0131n\u0131 dinle\n        calculateVolume();\n    });\n\n    \/\/ Input alanlar\u0131na \"enter\" tu\u015funa bas\u0131ld\u0131\u011f\u0131nda\n    $('.urun-en-inpt, .urun-boy-inpt, .urun-yukseklik-inpt, .urun-adet-inpt').on('keypress', function (e) {\n        if (e.which === 13) {\n            \/\/ Enter tu\u015funa bas\u0131ld\u0131\u011f\u0131nda yeni sat\u0131r ekle\n            $('.add-btn').click();\n            return false;\n        }\n    });\n\n    \/\/ Hesaplama ve sonucu ekrana yazma fonksiyonu\n    function calculateVolume() {\n        \/\/ Toplam hacmi s\u0131f\u0131rla\n        var totalVolume = 0;\n\n        \/\/ Her bir \u00fcr\u00fcn sat\u0131r\u0131n\u0131 gez\n        $('.cubic-meters-container tbody tr').each(function () {\n            \/\/ Sat\u0131rdaki input de\u011ferlerini al\n            var en = parseFloat($(this).find('.urun-en-inpt').val()) || 0;\n            var boy = parseFloat($(this).find('.urun-boy-inpt').val()) || 0;\n            var yukseklik = parseFloat($(this).find('.urun-yukseklik-inpt').val()) || 0;\n            var adet = parseFloat($(this).find('.urun-adet-inpt').val()) || 0;\n\n            \/\/ Hacmi hesapla ve s\u0131f\u0131rlar\u0131 temizle\n            var hacim = (en * boy * yukseklik * adet) \/ 1000000; \/\/ cm\u00b3 to m\u00b3\n\n            \/\/ Sat\u0131rdaki hacmi ekrana yaz\n            $(this).find('.urun-hacim-inpt').val(hacim.toFixed(2));\n\n            \/\/ Toplam hacme ekle\n            totalVolume += hacim;\n        });\n\n        \/\/ Toplam hacmi ekrana yaz\n        $('.urun-toplam-hacim-inpt').val(totalVolume.toFixed(2));\n    }\n});\n<\/script>\n\t\t<\/div>\n\t<\/div>\n<\/div><\/div><\/div><\/div><div id=\"sss-row\" class=\"vc_row wpb_row vc_row-fluid\"><div class=\"wpb_column vc_column_container vc_col-sm-12\"><div class=\"vc_column-inner\"><div class=\"wpb_wrapper\">\n\t<div class=\"wpb_text_column wpb_content_element\" id=\"sss-title\">\n\t\t<div class=\"wpb_wrapper\">\n\t\t\t<h4 style=\"text-align: center;\">Frequently Asked Questions<\/h4>\n\n\t\t<\/div>\n\t<\/div>\n<div  class=\"vc_toggle vc_toggle_rounded vc_toggle_color_default vc_toggle_size_md\"><div class=\"vc_toggle_title\"><h4>What kind of logistics services does \u00d6zkeskino\u011fullar\u0131 offer?<\/h4><i class=\"vc_toggle_icon\"><\/i><\/div><div class=\"vc_toggle_content\"><p>As \u00d6zkeskino\u011fullar\u0131, we offer a wide range of logistics services such as transportation, storage, distribution and supply chain management. By providing customized solutions to our customers, we help them optimize their supply chain processes.<\/p>\n<\/div><\/div><div  class=\"vc_toggle vc_toggle_rounded vc_toggle_color_default vc_toggle_size_md\"><div class=\"vc_toggle_title\"><h4>Which regions do you provide logistics services to?<\/h4><i class=\"vc_toggle_icon\"><\/i><\/div><div class=\"vc_toggle_content\"><p>Our service network is spread over a wide geographical area. We provide logistics services to many regions throughout T\u00fcrkiye and internationally. Please contact us for detailed information.<\/p>\n<\/div><\/div><div  class=\"vc_toggle vc_toggle_rounded vc_toggle_color_default vc_toggle_size_md\"><div class=\"vc_toggle_title\"><h4>What do \u00d6zkeskino\u011fullar\u0131's storage services include?<\/h4><i class=\"vc_toggle_icon\"><\/i><\/div><div class=\"vc_toggle_content\"><p>Our warehousing services include processes such as secure storage areas, inventory management, order picking and packaging. We optimize stock management by offering tailored solutions to our customers' storage needs.<\/p>\n<\/div><\/div><div  class=\"vc_toggle vc_toggle_rounded vc_toggle_color_default vc_toggle_size_md\"><div class=\"vc_toggle_title\"><h4>How do \u00d6zkeskino\u011fullar\u0131's transportation processes work?<\/h4><i class=\"vc_toggle_icon\"><\/i><\/div><div class=\"vc_toggle_content\"><p>Our transportation services include solutions suitable for different transportation modes such as road, sea and air. Depending on our customers' demands, we offer various options to provide safe and timely transportation services.<\/p>\n<\/div><\/div><div  class=\"vc_toggle vc_toggle_rounded vc_toggle_color_default vc_toggle_size_md\"><div class=\"vc_toggle_title\"><h4>What is the technology infrastructure of \u00d6zkeskino\u011fullar\u0131?<\/h4><i class=\"vc_toggle_icon\"><\/i><\/div><div class=\"vc_toggle_content\"><p>Our company has a strong information technology infrastructure. Using the latest technology, we offer our customers services such as real-time tracking, reporting and inventory management. In this way, we can manage supply chain processes more effectively.<\/p>\n<\/div><\/div><div  class=\"vc_toggle vc_toggle_rounded vc_toggle_color_default vc_toggle_size_md\"><div class=\"vc_toggle_title\"><h4>What is \u00d6zkeskino\u011fullar\u0131's pricing policy?<\/h4><i class=\"vc_toggle_icon\"><\/i><\/div><div class=\"vc_toggle_content\"><p>Our pricing policy varies depending on customer needs, service quality and requested logistics solutions. By working closely with our customers, we take care to offer competitive prices that fit their budgets.<\/p>\n<\/div><\/div><\/div><\/div><\/div><\/div>\n<\/section>","protected":false},"excerpt":{"rendered":"En (cm) Boy (cm) Y\u00fckseklik (cm) Adet Hacim (m3) En (Cm) Boy (Cm) Y\u00fckseklik (Cm) Adet Hacim (m3) + Toplam","protected":false},"author":1,"featured_media":0,"parent":0,"menu_order":0,"comment_status":"closed","ping_status":"closed","template":"","meta":{"footnotes":""},"yoast_head":"<!-- This site is optimized with the Yoast SEO plugin v21.5 - https:\/\/yoast.com\/wordpress\/plugins\/seo\/ -->\n<title>Teklif Al - Ozkeskinogullari Transport<\/title>\n<meta name=\"robots\" content=\"index, follow, max-snippet:-1, max-image-preview:large, max-video-preview:-1\" \/>\n<link rel=\"canonical\" href=\"https:\/\/ozkeskinogullari.com\/en\/teklif-al\/\" \/>\n<meta property=\"og:locale\" content=\"en_GB\" \/>\n<meta property=\"og:type\" content=\"article\" \/>\n<meta property=\"og:title\" content=\"Teklif Al - Ozkeskinogullari Transport\" \/>\n<meta property=\"og:url\" content=\"https:\/\/ozkeskinogullari.com\/en\/teklif-al\/\" \/>\n<meta property=\"og:site_name\" content=\"Ozkeskinogullari Transport\" \/>\n<meta property=\"article:publisher\" content=\"https:\/\/www.facebook.com\/keskintransport\" \/>\n<meta property=\"article:modified_time\" content=\"2023-11-13T09:01:13+00:00\" \/>\n<meta property=\"og:image\" content=\"https:\/\/ozkeskinogullari.com\/wp-content\/uploads\/2023\/03\/ozkeskinogullari-logo-jpg.jpg\" \/>\n\t<meta property=\"og:image:width\" content=\"1000\" \/>\n\t<meta property=\"og:image:height\" content=\"1000\" \/>\n\t<meta property=\"og:image:type\" content=\"image\/jpeg\" \/>\n<meta name=\"twitter:card\" content=\"summary_large_image\" \/>\n<meta name=\"twitter:label1\" content=\"Estimated reading time\" \/>\n\t<meta name=\"twitter:data1\" content=\"2 minutes\" \/>\n<script type=\"application\/ld+json\" class=\"yoast-schema-graph\">{\"@context\":\"https:\/\/schema.org\",\"@graph\":[{\"@type\":\"WebPage\",\"@id\":\"https:\/\/ozkeskinogullari.com\/teklif-al\/\",\"url\":\"https:\/\/ozkeskinogullari.com\/teklif-al\/\",\"name\":\"Teklif Al - Ozkeskinogullari Transport\",\"isPartOf\":{\"@id\":\"https:\/\/ozkeskinogullari.com\/#website\"},\"datePublished\":\"2023-10-26T10:07:39+00:00\",\"dateModified\":\"2023-11-13T09:01:13+00:00\",\"breadcrumb\":{\"@id\":\"https:\/\/ozkeskinogullari.com\/teklif-al\/#breadcrumb\"},\"inLanguage\":\"en-GB\",\"potentialAction\":[{\"@type\":\"ReadAction\",\"target\":[\"https:\/\/ozkeskinogullari.com\/teklif-al\/\"]}]},{\"@type\":\"BreadcrumbList\",\"@id\":\"https:\/\/ozkeskinogullari.com\/teklif-al\/#breadcrumb\",\"itemListElement\":[{\"@type\":\"ListItem\",\"position\":1,\"name\":\"Anasayfa\",\"item\":\"https:\/\/ozkeskinogullari.com\/\"},{\"@type\":\"ListItem\",\"position\":2,\"name\":\"Teklif Al\"}]},{\"@type\":\"WebSite\",\"@id\":\"https:\/\/ozkeskinogullari.com\/#website\",\"url\":\"https:\/\/ozkeskinogullari.com\/\",\"name\":\"\u00d6zkeskinogullari Transport | Lojistik\",\"description\":\"Lojistik sekt\u00f6r\u00fcn\u00fcn lideri!\",\"publisher\":{\"@id\":\"https:\/\/ozkeskinogullari.com\/#organization\"},\"alternateName\":\"\u00d6zkeskinogullari Transport | Lojistik\",\"potentialAction\":[{\"@type\":\"SearchAction\",\"target\":{\"@type\":\"EntryPoint\",\"urlTemplate\":\"https:\/\/ozkeskinogullari.com\/?s={search_term_string}\"},\"query-input\":\"required name=search_term_string\"}],\"inLanguage\":\"en-GB\"},{\"@type\":\"Organization\",\"@id\":\"https:\/\/ozkeskinogullari.com\/#organization\",\"name\":\"\u00d6zkeskinogullari Transport | Lojistik\",\"alternateName\":\"\u00d6zkeskinogullari Transport | Lojistik\",\"url\":\"https:\/\/ozkeskinogullari.com\/\",\"logo\":{\"@type\":\"ImageObject\",\"inLanguage\":\"en-GB\",\"@id\":\"https:\/\/ozkeskinogullari.com\/#\/schema\/logo\/image\/\",\"url\":\"https:\/\/ozkeskinogullari.com\/wp-content\/uploads\/2023\/03\/ozkeskinogullari-logo-jpg.jpg\",\"contentUrl\":\"https:\/\/ozkeskinogullari.com\/wp-content\/uploads\/2023\/03\/ozkeskinogullari-logo-jpg.jpg\",\"width\":1000,\"height\":1000,\"caption\":\"\u00d6zkeskinogullari Transport | Lojistik\"},\"image\":{\"@id\":\"https:\/\/ozkeskinogullari.com\/#\/schema\/logo\/image\/\"},\"sameAs\":[\"https:\/\/www.facebook.com\/keskintransport\",\"https:\/\/www.instagram.com\/ozkeskintransport\/\",\"https:\/\/www.linkedin.com\/company\/zkeskinoullar-transport\/\"]}]}<\/script>\n<!-- \/ Yoast SEO plugin. -->","yoast_head_json":{"title":"Teklif Al - Ozkeskinogullari Transport","robots":{"index":"index","follow":"follow","max-snippet":"max-snippet:-1","max-image-preview":"max-image-preview:large","max-video-preview":"max-video-preview:-1"},"canonical":"https:\/\/ozkeskinogullari.com\/en\/teklif-al\/","og_locale":"en_GB","og_type":"article","og_title":"Teklif Al - Ozkeskinogullari Transport","og_url":"https:\/\/ozkeskinogullari.com\/en\/teklif-al\/","og_site_name":"Ozkeskinogullari Transport","article_publisher":"https:\/\/www.facebook.com\/keskintransport","article_modified_time":"2023-11-13T09:01:13+00:00","og_image":[{"width":1000,"height":1000,"url":"https:\/\/ozkeskinogullari.com\/wp-content\/uploads\/2023\/03\/ozkeskinogullari-logo-jpg.jpg","type":"image\/jpeg"}],"twitter_card":"summary_large_image","twitter_misc":{"Estimated reading time":"2 minutes"},"schema":{"@context":"https:\/\/schema.org","@graph":[{"@type":"WebPage","@id":"https:\/\/ozkeskinogullari.com\/teklif-al\/","url":"https:\/\/ozkeskinogullari.com\/teklif-al\/","name":"Teklif Al - Ozkeskinogullari Transport","isPartOf":{"@id":"https:\/\/ozkeskinogullari.com\/#website"},"datePublished":"2023-10-26T10:07:39+00:00","dateModified":"2023-11-13T09:01:13+00:00","breadcrumb":{"@id":"https:\/\/ozkeskinogullari.com\/teklif-al\/#breadcrumb"},"inLanguage":"en-GB","potentialAction":[{"@type":"ReadAction","target":["https:\/\/ozkeskinogullari.com\/teklif-al\/"]}]},{"@type":"BreadcrumbList","@id":"https:\/\/ozkeskinogullari.com\/teklif-al\/#breadcrumb","itemListElement":[{"@type":"ListItem","position":1,"name":"Anasayfa","item":"https:\/\/ozkeskinogullari.com\/"},{"@type":"ListItem","position":2,"name":"Teklif Al"}]},{"@type":"WebSite","@id":"https:\/\/ozkeskinogullari.com\/#website","url":"https:\/\/ozkeskinogullari.com\/","name":"\u00d6zkeskinogullari Transport | Lojistik","description":"Lojistik sekt\u00f6r\u00fcn\u00fcn lideri!","publisher":{"@id":"https:\/\/ozkeskinogullari.com\/#organization"},"alternateName":"\u00d6zkeskinogullari Transport | Lojistik","potentialAction":[{"@type":"SearchAction","target":{"@type":"EntryPoint","urlTemplate":"https:\/\/ozkeskinogullari.com\/?s={search_term_string}"},"query-input":"required name=search_term_string"}],"inLanguage":"en-GB"},{"@type":"Organization","@id":"https:\/\/ozkeskinogullari.com\/#organization","name":"\u00d6zkeskinogullari Transport | Lojistik","alternateName":"\u00d6zkeskinogullari Transport | Lojistik","url":"https:\/\/ozkeskinogullari.com\/","logo":{"@type":"ImageObject","inLanguage":"en-GB","@id":"https:\/\/ozkeskinogullari.com\/#\/schema\/logo\/image\/","url":"https:\/\/ozkeskinogullari.com\/wp-content\/uploads\/2023\/03\/ozkeskinogullari-logo-jpg.jpg","contentUrl":"https:\/\/ozkeskinogullari.com\/wp-content\/uploads\/2023\/03\/ozkeskinogullari-logo-jpg.jpg","width":1000,"height":1000,"caption":"\u00d6zkeskinogullari Transport | Lojistik"},"image":{"@id":"https:\/\/ozkeskinogullari.com\/#\/schema\/logo\/image\/"},"sameAs":["https:\/\/www.facebook.com\/keskintransport","https:\/\/www.instagram.com\/ozkeskintransport\/","https:\/\/www.linkedin.com\/company\/zkeskinoullar-transport\/"]}]}},"_links":{"self":[{"href":"https:\/\/ozkeskinogullari.com\/en\/wp-json\/wp\/v2\/pages\/26"}],"collection":[{"href":"https:\/\/ozkeskinogullari.com\/en\/wp-json\/wp\/v2\/pages"}],"about":[{"href":"https:\/\/ozkeskinogullari.com\/en\/wp-json\/wp\/v2\/types\/page"}],"author":[{"embeddable":true,"href":"https:\/\/ozkeskinogullari.com\/en\/wp-json\/wp\/v2\/users\/1"}],"replies":[{"embeddable":true,"href":"https:\/\/ozkeskinogullari.com\/en\/wp-json\/wp\/v2\/comments?post=26"}],"version-history":[{"count":4,"href":"https:\/\/ozkeskinogullari.com\/en\/wp-json\/wp\/v2\/pages\/26\/revisions"}],"predecessor-version":[{"id":283,"href":"https:\/\/ozkeskinogullari.com\/en\/wp-json\/wp\/v2\/pages\/26\/revisions\/283"}],"wp:attachment":[{"href":"https:\/\/ozkeskinogullari.com\/en\/wp-json\/wp\/v2\/media?parent=26"}],"curies":[{"name":"wp","href":"https:\/\/api.w.org\/{rel}","templated":true}]}}