{"id":213,"date":"2023-11-06T18:08:07","date_gmt":"2023-11-06T15:08:07","guid":{"rendered":"https:\/\/ozkeskinogullari.com\/?page_id=213"},"modified":"2023-11-06T18:24:57","modified_gmt":"2023-11-06T15:24:57","slug":"komple-tasimacilik","status":"publish","type":"page","link":"https:\/\/ozkeskinogullari.com\/sq\/komple-tasimacilik\/","title":{"rendered":"Transporti i kompletuar"},"content":{"rendered":"<section class=\"wpb-content-wrapper\"><div id=\"banners-row\" class=\"vc_row wpb_row vc_row-fluid\"><div class=\"wpb_column vc_column_container vc_col-sm-12\"><div class=\"vc_column-inner\"><div class=\"wpb_wrapper\">\t\t\t<link rel=\"stylesheet\" id=\"wd-banner-css\" href=\"https:\/\/ozkeskinogullari.com\/wp-content\/themes\/pixel-wp\/css\/parts\/wpb-el-banner.min.css?ver=6.1\" type=\"text\/css\" media=\"all\" \/> \t\t\t\t\t<div class=\"promo-banner-wrapper\">\r\n\t\t\t<div id=\"wd-654904c68f9df\" class=\"promo-banner banner- banner-hover-none color-scheme-light banner-btn-size-default banner-btn-style-default wd-display-image banner-vr-align-middle banner-hr-align-center\" \r\n\t\t\t\t\t\t\t\t\t\t\t >\r\n\r\n\t\t\t\t<div class=\"main-wrapp-img\">\r\n\t\t\t\t\t\t\t\t\t\t\t<div class=\"banner-image\">\r\n\t\t\t\t\t\t\t<img width=\"1920\" height=\"500\" src=\"https:\/\/ozkeskinogullari.com\/wp-content\/uploads\/2023\/11\/komple-tasimacilik-banner.jpg\" class=\"promo-banner-image attachment-full\" alt=\"\" decoding=\"async\" title=\"komple-tasimacilik-banner\" loading=\"lazy\" srcset=\"https:\/\/ozkeskinogullari.com\/wp-content\/uploads\/2023\/11\/komple-tasimacilik-banner.jpg 1920w, https:\/\/ozkeskinogullari.com\/wp-content\/uploads\/2023\/11\/komple-tasimacilik-banner-300x78.jpg 300w, https:\/\/ozkeskinogullari.com\/wp-content\/uploads\/2023\/11\/komple-tasimacilik-banner-1024x267.jpg 1024w, https:\/\/ozkeskinogullari.com\/wp-content\/uploads\/2023\/11\/komple-tasimacilik-banner-768x200.jpg 768w, https:\/\/ozkeskinogullari.com\/wp-content\/uploads\/2023\/11\/komple-tasimacilik-banner-1536x400.jpg 1536w, https:\/\/ozkeskinogullari.com\/wp-content\/uploads\/2023\/11\/komple-tasimacilik-banner-18x5.jpg 18w\" sizes=\"(max-width: 1920px) 100vw, 1920px\" \/>\t\t\t\t\t\t<\/div>\r\n\t\t\t\t\t\t\t\t\t<\/div>\r\n\r\n\t\t\t\t<div class=\"wrapper-content-banner wd-fill  wd-items-middle wd-justify-center\">\r\n\t\t\t\t\t<div class=\"content-banner text-center wd-width-100\">\r\n\t\t\t\t\t\t\t<div class=\"banner-title-wrap banner-title-default\">\r\n\t\t\t\t\t\t\t\t\t\t\t\t\t\t\t\t\t\t\t\t\t\t\t\t\t<\/div>\r\n\t\t\t\t\t\t\t\t\t\t\t\t\t<div class=\"banner-inner set-cont-mb-s reset-last-child wd-fontsize-xs\">\r\n\t\t\t\t\t\t\t\t<\/p>\n<h1 style=\"text-align: center;\">Transporti i kompletuar<\/h1>\n<p>\n\t\t\t\t\t\t\t<\/div>\r\n\t\t\t\t\t\t\t\t\t\t\t\t\t\t\t\t\t<\/div>\r\n\t\t\t\t<\/div>\r\n\t\t\t\t\t\t\t<\/div>\r\n\t\t<\/div>\r\n\t\t\r\n\t\t<\/div><\/div><\/div><\/div><div id=\"hizmet-content\" class=\"vc_row wpb_row vc_row-fluid\"><div class=\"wpb_column vc_column_container vc_col-sm-12\"><div class=\"vc_column-inner\"><div class=\"wpb_wrapper\">\n\t<div class=\"wpb_text_column wpb_content_element\" >\n\t\t<div class=\"wpb_wrapper\">\n\t\t\t<h2 style=\"text-align: center;\">\u201cSh\u00ebrbimi i plot\u00eb i transportit: Transport i sigurt dhe efektiv i mallrave\u201d<\/h2>\n<p style=\"text-align: center;\">Sh\u00ebrbimi i kompletuar i transportit ofron nj\u00eb zgjidhje logjistike q\u00eb mund\u00ebson transportin e sigurt dhe efikas t\u00eb sasive t\u00eb m\u00ebdha t\u00eb ngarkesave ose mallrave. Ky sh\u00ebrbim \u00ebsht\u00eb nj\u00eb opsion ideal p\u00ebr bizneset dhe individ\u00ebt, shpesh me nevoja transporti n\u00eb shkall\u00eb t\u00eb gjer\u00eb. Mbledhja dhe transportimi i ngarkesave t\u00eb m\u00ebdha n\u00eb nj\u00eb kamion t\u00eb vet\u00ebm thjeshton proceset logjistike dhe rrit efikasitetin.<\/p>\n<p style=\"text-align: center;\">Sh\u00ebrbimi i plot\u00eb i transportit luan nj\u00eb rol t\u00eb r\u00ebnd\u00ebsish\u00ebm p\u00ebr industri t\u00eb ndryshme. Sasi t\u00eb m\u00ebdha materialesh, produktesh ose pajisjesh mund t\u00eb ken\u00eb nevoj\u00eb t\u00eb transportohen n\u00eb shum\u00eb zona, nga sektori i prodhimit n\u00eb shitje me pakic\u00eb, nga nd\u00ebrtimi n\u00eb shp\u00ebrndarjen e ushqimit. Ky sh\u00ebrbim siguron d\u00ebrgimin n\u00eb koh\u00eb dhe t\u00eb sigurt t\u00eb k\u00ebtyre ngarkesave t\u00eb m\u00ebdha.<\/p>\n<p style=\"text-align: center;\">Ky sh\u00ebrbim ka nj\u00eb r\u00ebnd\u00ebsi t\u00eb madhe p\u00ebr sigurin\u00eb dhe mbrojtjen e ngarkesave. Artikujt q\u00eb do t\u00eb transportohen paketohen me kujdes dhe sigurohen brenda kamionit. P\u00ebr m\u00eb tep\u00ebr, drejtuesit e kamion\u00ebve marrin masat e nevojshme p\u00ebr t\u00eb siguruar q\u00eb ngarkesa t\u00eb jet\u00eb e sigurt gjat\u00eb udh\u00ebtimeve t\u00eb gjata. Kjo parandalon q\u00eb sendet t\u00eb d\u00ebmtohen.<\/p>\n<p style=\"text-align: center;\">Transporti me kamion ndihmon n\u00eb b\u00ebrjen e proceseve logjistike m\u00eb efikase. Meqen\u00ebse sasi t\u00eb m\u00ebdha ngarkesash mblidhen n\u00eb nj\u00eb automjet t\u00eb vet\u00ebm transporti, kostot e transportit ulen dhe proceset e dor\u00ebzimit p\u00ebrshpejtohen. Kjo i ndihmon bizneset t\u00eb q\u00ebndrojn\u00eb konkurrues.<\/p>\n<p style=\"text-align: center;\">Sh\u00ebrbimi i plot\u00eb i transportit \u00ebsht\u00eb gjithashtu nj\u00eb opsion miq\u00ebsor ndaj mjedisit. P\u00ebrdorimi i nj\u00eb kamioni t\u00eb vet\u00ebm parandalon nj\u00eb num\u00ebr t\u00eb madh automjetesh t\u00eb vogla q\u00eb t\u00eb jen\u00eb n\u00eb rrug\u00eb, gj\u00eb q\u00eb redukton gjurm\u00ebn e karbonit. P\u00ebr m\u00eb tep\u00ebr, teknologjit\u00eb moderne t\u00eb kamion\u00ebve rrisin efikasitetin e karburantit dhe minimizojn\u00eb ndikimet mjedisore.<\/p>\n<p style=\"text-align: center;\">Si rezultat, sh\u00ebrbimi i plot\u00eb i transportit \u00ebsht\u00eb nj\u00eb opsion ideal p\u00ebr t\u00eb p\u00ebrmbushur nevoj\u00ebn p\u00ebr t\u00eb transportuar sasi t\u00eb m\u00ebdha ngarkesash. Ofron nj\u00eb zgjidhje transporti t\u00eb sigurt, t\u00eb shpejt\u00eb dhe miq\u00ebsore me mjedisin. \u00cbsht\u00eb nj\u00eb sh\u00ebrbim logjistik i preferuar nga bizneset dhe individ\u00ebt p\u00ebr t\u00eb p\u00ebrmbushur nevojat e tyre t\u00eb transportit n\u00eb shkall\u00eb t\u00eb gjer\u00eb.<\/p>\n<p>Ky artikull thekson r\u00ebnd\u00ebsin\u00eb dhe avantazhet e sh\u00ebrbimit t\u00eb plot\u00eb t\u00eb transportit. Ju mund ta zgjeroni k\u00ebt\u00eb artikull duke prezantuar m\u00eb n\u00eb detaje sh\u00ebrbimet dhe proceset e transportit t\u00eb nj\u00eb kompanie q\u00eb ofron k\u00ebt\u00eb sh\u00ebrbim.<\/p>\n\n\t\t<\/div>\n\t<\/div>\n<\/div><\/div><\/div><\/div><div id=\"form\" class=\"vc_row wpb_row vc_row-fluid\"><div class=\"wpb_column vc_column_container vc_col-sm-12\"><div class=\"vc_column-inner\"><div class=\"wpb_wrapper\">\n\t<div class=\"wpb_text_column wpb_content_element\" >\n\t\t<div class=\"wpb_wrapper\">\n\t\t\t<h5 id=\"brxe-elmvah\" class=\"brxe-heading main__sub-title\" style=\"text-align: center;\">NA KONTAKTONI<\/h5>\n<h2 id=\"brxe-gscczu\" class=\"brxe-heading main__title\" style=\"text-align: center;\">LE NA KONTAKTONI!<\/h2>\n\n\t\t<\/div>\n\t<\/div>\n\n<div class=\"wpcf7 no-js\" id=\"wpcf7-f8-o1\" lang=\"tr-TR\" dir=\"ltr\">\n<div class=\"screen-reader-response\"><p role=\"status\" aria-live=\"polite\" aria-atomic=\"true\"><\/p> <ul><\/ul><\/div>\n<form action=\"\/sq\/wp-json\/wp\/v2\/pages\/213#wpcf7-f8-o1\" method=\"post\" class=\"wpcf7-form init\" aria-label=\"Contact form\" novalidate=\"novalidate\" data-status=\"init\" data-trp-original-action=\"\/sq\/wp-json\/wp\/v2\/pages\/213#wpcf7-f8-o1\">\n<div style=\"display: none;\">\n<input type=\"hidden\" name=\"_wpcf7\" value=\"8\" \/>\n<input type=\"hidden\" name=\"_wpcf7_version\" value=\"5.8.2\" \/>\n<input type=\"hidden\" name=\"_wpcf7_locale\" value=\"tr_TR\" \/>\n<input type=\"hidden\" name=\"_wpcf7_unit_tag\" value=\"wpcf7-f8-o1\" \/>\n<input type=\"hidden\" name=\"_wpcf7_container_post\" value=\"0\" \/>\n<input type=\"hidden\" name=\"_wpcf7_posted_data_hash\" value=\"\" \/>\n<\/div>\n<p><label> Emri juaj;<br \/>\n<span class=\"wpcf7-form-control-wrap\" data-name=\"your-name\"><input size=\"40\" class=\"wpcf7-form-control wpcf7-text wpcf7-validates-as-required\" autocomplete=\"name\" aria-required=\"true\" aria-invalid=\"false\" value=\"\" type=\"text\" name=\"your-name\" \/><\/span> <\/label>\n<\/p>\n<p><label> Email<br \/>\n<span class=\"wpcf7-form-control-wrap\" data-name=\"your-email\"><input size=\"40\" class=\"wpcf7-form-control wpcf7-email wpcf7-validates-as-required wpcf7-text wpcf7-validates-as-email\" autocomplete=\"email\" aria-required=\"true\" aria-invalid=\"false\" value=\"\" type=\"email\" name=\"your-email\" \/><\/span> <\/label>\n<\/p>\n<p><label> L\u00ebnda;<br \/>\n<span class=\"wpcf7-form-control-wrap\" data-name=\"your-subject\"><input size=\"40\" class=\"wpcf7-form-control wpcf7-text wpcf7-validates-as-required\" aria-required=\"true\" aria-invalid=\"false\" value=\"\" type=\"text\" name=\"your-subject\" \/><\/span> <\/label>\n<\/p>\n<p><label> Mesazhi juaj (Opsionale)<br \/>\n<span class=\"wpcf7-form-control-wrap\" data-name=\"your-message\"><textarea cols=\"40\" rows=\"10\" class=\"wpcf7-form-control wpcf7-textarea\" aria-invalid=\"false\" name=\"your-message\"><\/textarea><\/span> <\/label>\n<\/p>\n<p><input class=\"wpcf7-form-control wpcf7-submit has-spinner\" type=\"submit\" value=\"D\u00ebrgo\" \/>\n<\/p><div class=\"wpcf7-response-output\" aria-hidden=\"true\"><\/div>\n<input type=\"hidden\" name=\"trp-form-language\" value=\"sq\"\/><\/form>\n<\/div>\n<\/div><\/div><\/div><\/div>\n<\/section>","protected":false},"excerpt":{"rendered":"Komple Ta\u015f\u0131mac\u0131l\u0131k \"Komple Ta\u015f\u0131mac\u0131l\u0131k Hizmeti: E\u015fyalar\u0131n G\u00fcvenli ve Etkin Ta\u015f\u0131nmas\u0131\" Komple ta\u015f\u0131mac\u0131l\u0131k hizmeti, b\u00fcy\u00fck miktardaki y\u00fcklerin veya e\u015fyalar\u0131n g\u00fcvenli ve","protected":false},"author":1,"featured_media":0,"parent":0,"menu_order":0,"comment_status":"closed","ping_status":"closed","template":"","meta":{"footnotes":""},"yoast_head":"<!-- This site is optimized with the Yoast SEO plugin v21.5 - https:\/\/yoast.com\/wordpress\/plugins\/seo\/ -->\n<title>Komple Ta\u015f\u0131mac\u0131l\u0131k - Ozkeskinogullari Transport<\/title>\n<meta name=\"robots\" content=\"index, follow, max-snippet:-1, max-image-preview:large, max-video-preview:-1\" \/>\n<link rel=\"canonical\" href=\"https:\/\/ozkeskinogullari.com\/sq\/komple-tasimacilik\/\" \/>\n<meta property=\"og:locale\" content=\"sq_AL\" \/>\n<meta property=\"og:type\" content=\"article\" \/>\n<meta property=\"og:title\" content=\"Komple Ta\u015f\u0131mac\u0131l\u0131k - Ozkeskinogullari Transport\" \/>\n<meta property=\"og:url\" content=\"https:\/\/ozkeskinogullari.com\/sq\/komple-tasimacilik\/\" \/>\n<meta property=\"og:site_name\" content=\"Ozkeskinogullari Transport\" \/>\n<meta property=\"article:publisher\" content=\"https:\/\/www.facebook.com\/keskintransport\" \/>\n<meta property=\"article:modified_time\" content=\"2023-11-06T15:24:57+00:00\" \/>\n<meta property=\"og:image\" content=\"https:\/\/ozkeskinogullari.com\/wp-content\/uploads\/2023\/03\/ozkeskinogullari-logo-jpg.jpg\" \/>\n\t<meta property=\"og:image:width\" content=\"1000\" \/>\n\t<meta property=\"og:image:height\" content=\"1000\" \/>\n\t<meta property=\"og:image:type\" content=\"image\/jpeg\" \/>\n<meta name=\"twitter:card\" content=\"summary_large_image\" \/>\n<meta name=\"twitter:label1\" content=\"Est. reading time\" \/>\n\t<meta name=\"twitter:data1\" content=\"3 minuta\" \/>\n<script type=\"application\/ld+json\" class=\"yoast-schema-graph\">{\"@context\":\"https:\/\/schema.org\",\"@graph\":[{\"@type\":\"WebPage\",\"@id\":\"https:\/\/ozkeskinogullari.com\/komple-tasimacilik\/\",\"url\":\"https:\/\/ozkeskinogullari.com\/komple-tasimacilik\/\",\"name\":\"Komple Ta\u015f\u0131mac\u0131l\u0131k - Ozkeskinogullari Transport\",\"isPartOf\":{\"@id\":\"https:\/\/ozkeskinogullari.com\/#website\"},\"datePublished\":\"2023-11-06T15:08:07+00:00\",\"dateModified\":\"2023-11-06T15:24:57+00:00\",\"breadcrumb\":{\"@id\":\"https:\/\/ozkeskinogullari.com\/komple-tasimacilik\/#breadcrumb\"},\"inLanguage\":\"sq\",\"potentialAction\":[{\"@type\":\"ReadAction\",\"target\":[\"https:\/\/ozkeskinogullari.com\/komple-tasimacilik\/\"]}]},{\"@type\":\"BreadcrumbList\",\"@id\":\"https:\/\/ozkeskinogullari.com\/komple-tasimacilik\/#breadcrumb\",\"itemListElement\":[{\"@type\":\"ListItem\",\"position\":1,\"name\":\"Anasayfa\",\"item\":\"https:\/\/ozkeskinogullari.com\/\"},{\"@type\":\"ListItem\",\"position\":2,\"name\":\"Komple Ta\u015f\u0131mac\u0131l\u0131k\"}]},{\"@type\":\"WebSite\",\"@id\":\"https:\/\/ozkeskinogullari.com\/#website\",\"url\":\"https:\/\/ozkeskinogullari.com\/\",\"name\":\"\u00d6zkeskinogullari Transport | Lojistik\",\"description\":\"Lojistik sekt\u00f6r\u00fcn\u00fcn lideri!\",\"publisher\":{\"@id\":\"https:\/\/ozkeskinogullari.com\/#organization\"},\"alternateName\":\"\u00d6zkeskinogullari Transport | Lojistik\",\"potentialAction\":[{\"@type\":\"SearchAction\",\"target\":{\"@type\":\"EntryPoint\",\"urlTemplate\":\"https:\/\/ozkeskinogullari.com\/?s={search_term_string}\"},\"query-input\":\"required name=search_term_string\"}],\"inLanguage\":\"sq\"},{\"@type\":\"Organization\",\"@id\":\"https:\/\/ozkeskinogullari.com\/#organization\",\"name\":\"\u00d6zkeskinogullari Transport | Lojistik\",\"alternateName\":\"\u00d6zkeskinogullari Transport | Lojistik\",\"url\":\"https:\/\/ozkeskinogullari.com\/\",\"logo\":{\"@type\":\"ImageObject\",\"inLanguage\":\"sq\",\"@id\":\"https:\/\/ozkeskinogullari.com\/#\/schema\/logo\/image\/\",\"url\":\"https:\/\/ozkeskinogullari.com\/wp-content\/uploads\/2023\/03\/ozkeskinogullari-logo-jpg.jpg\",\"contentUrl\":\"https:\/\/ozkeskinogullari.com\/wp-content\/uploads\/2023\/03\/ozkeskinogullari-logo-jpg.jpg\",\"width\":1000,\"height\":1000,\"caption\":\"\u00d6zkeskinogullari Transport | Lojistik\"},\"image\":{\"@id\":\"https:\/\/ozkeskinogullari.com\/#\/schema\/logo\/image\/\"},\"sameAs\":[\"https:\/\/www.facebook.com\/keskintransport\",\"https:\/\/www.instagram.com\/ozkeskintransport\/\",\"https:\/\/www.linkedin.com\/company\/zkeskinoullar-transport\/\"]}]}<\/script>\n<!-- \/ Yoast SEO plugin. -->","yoast_head_json":{"title":"Komple Ta\u015f\u0131mac\u0131l\u0131k - Ozkeskinogullari Transport","robots":{"index":"index","follow":"follow","max-snippet":"max-snippet:-1","max-image-preview":"max-image-preview:large","max-video-preview":"max-video-preview:-1"},"canonical":"https:\/\/ozkeskinogullari.com\/sq\/komple-tasimacilik\/","og_locale":"sq_AL","og_type":"article","og_title":"Komple Ta\u015f\u0131mac\u0131l\u0131k - Ozkeskinogullari Transport","og_url":"https:\/\/ozkeskinogullari.com\/sq\/komple-tasimacilik\/","og_site_name":"Ozkeskinogullari Transport","article_publisher":"https:\/\/www.facebook.com\/keskintransport","article_modified_time":"2023-11-06T15:24:57+00:00","og_image":[{"width":1000,"height":1000,"url":"https:\/\/ozkeskinogullari.com\/wp-content\/uploads\/2023\/03\/ozkeskinogullari-logo-jpg.jpg","type":"image\/jpeg"}],"twitter_card":"summary_large_image","twitter_misc":{"Est. reading time":"3 minuta"},"schema":{"@context":"https:\/\/schema.org","@graph":[{"@type":"WebPage","@id":"https:\/\/ozkeskinogullari.com\/komple-tasimacilik\/","url":"https:\/\/ozkeskinogullari.com\/komple-tasimacilik\/","name":"Komple Ta\u015f\u0131mac\u0131l\u0131k - Ozkeskinogullari Transport","isPartOf":{"@id":"https:\/\/ozkeskinogullari.com\/#website"},"datePublished":"2023-11-06T15:08:07+00:00","dateModified":"2023-11-06T15:24:57+00:00","breadcrumb":{"@id":"https:\/\/ozkeskinogullari.com\/komple-tasimacilik\/#breadcrumb"},"inLanguage":"sq","potentialAction":[{"@type":"ReadAction","target":["https:\/\/ozkeskinogullari.com\/komple-tasimacilik\/"]}]},{"@type":"BreadcrumbList","@id":"https:\/\/ozkeskinogullari.com\/komple-tasimacilik\/#breadcrumb","itemListElement":[{"@type":"ListItem","position":1,"name":"Anasayfa","item":"https:\/\/ozkeskinogullari.com\/"},{"@type":"ListItem","position":2,"name":"Komple Ta\u015f\u0131mac\u0131l\u0131k"}]},{"@type":"WebSite","@id":"https:\/\/ozkeskinogullari.com\/#website","url":"https:\/\/ozkeskinogullari.com\/","name":"\u00d6zkeskinogullari Transport | Lojistik","description":"Lojistik sekt\u00f6r\u00fcn\u00fcn lideri!","publisher":{"@id":"https:\/\/ozkeskinogullari.com\/#organization"},"alternateName":"\u00d6zkeskinogullari Transport | Lojistik","potentialAction":[{"@type":"SearchAction","target":{"@type":"EntryPoint","urlTemplate":"https:\/\/ozkeskinogullari.com\/?s={search_term_string}"},"query-input":"required name=search_term_string"}],"inLanguage":"sq"},{"@type":"Organization","@id":"https:\/\/ozkeskinogullari.com\/#organization","name":"\u00d6zkeskinogullari Transport | Lojistik","alternateName":"\u00d6zkeskinogullari Transport | Lojistik","url":"https:\/\/ozkeskinogullari.com\/","logo":{"@type":"ImageObject","inLanguage":"sq","@id":"https:\/\/ozkeskinogullari.com\/#\/schema\/logo\/image\/","url":"https:\/\/ozkeskinogullari.com\/wp-content\/uploads\/2023\/03\/ozkeskinogullari-logo-jpg.jpg","contentUrl":"https:\/\/ozkeskinogullari.com\/wp-content\/uploads\/2023\/03\/ozkeskinogullari-logo-jpg.jpg","width":1000,"height":1000,"caption":"\u00d6zkeskinogullari Transport | Lojistik"},"image":{"@id":"https:\/\/ozkeskinogullari.com\/#\/schema\/logo\/image\/"},"sameAs":["https:\/\/www.facebook.com\/keskintransport","https:\/\/www.instagram.com\/ozkeskintransport\/","https:\/\/www.linkedin.com\/company\/zkeskinoullar-transport\/"]}]}},"_links":{"self":[{"href":"https:\/\/ozkeskinogullari.com\/sq\/wp-json\/wp\/v2\/pages\/213"}],"collection":[{"href":"https:\/\/ozkeskinogullari.com\/sq\/wp-json\/wp\/v2\/pages"}],"about":[{"href":"https:\/\/ozkeskinogullari.com\/sq\/wp-json\/wp\/v2\/types\/page"}],"author":[{"embeddable":true,"href":"https:\/\/ozkeskinogullari.com\/sq\/wp-json\/wp\/v2\/users\/1"}],"replies":[{"embeddable":true,"href":"https:\/\/ozkeskinogullari.com\/sq\/wp-json\/wp\/v2\/comments?post=213"}],"version-history":[{"count":4,"href":"https:\/\/ozkeskinogullari.com\/sq\/wp-json\/wp\/v2\/pages\/213\/revisions"}],"predecessor-version":[{"id":221,"href":"https:\/\/ozkeskinogullari.com\/sq\/wp-json\/wp\/v2\/pages\/213\/revisions\/221"}],"wp:attachment":[{"href":"https:\/\/ozkeskinogullari.com\/sq\/wp-json\/wp\/v2\/media?parent=213"}],"curies":[{"name":"wp","href":"https:\/\/api.w.org\/{rel}","templated":true}]}}