{"id":43,"date":"2023-10-26T13:41:39","date_gmt":"2023-10-26T10:41:39","guid":{"rendered":"https:\/\/ozkeskinogullari.com\/?page_id=43"},"modified":"2023-10-31T14:23:32","modified_gmt":"2023-10-31T11:23:32","slug":"parsiyel-hizmeti","status":"publish","type":"page","link":"https:\/\/ozkeskinogullari.com\/sq\/parsiyel-hizmeti\/","title":{"rendered":"Sh\u00ebrbimi i pjessh\u00ebm"},"content":{"rendered":"<section class=\"wpb-content-wrapper\"><div id=\"banners-row\" class=\"vc_row wpb_row vc_row-fluid\"><div class=\"wpb_column vc_column_container vc_col-sm-12\"><div class=\"vc_column-inner\"><div class=\"wpb_wrapper\">\t\t\t<link rel=\"stylesheet\" id=\"wd-banner-css\" href=\"https:\/\/ozkeskinogullari.com\/wp-content\/themes\/pixel-wp\/css\/parts\/wpb-el-banner.min.css?ver=6.1\" type=\"text\/css\" media=\"all\" \/> \t\t\t\t\t<div class=\"promo-banner-wrapper\">\r\n\t\t\t<div id=\"wd-6540e34106996\" class=\"promo-banner banner- banner-hover-none color-scheme-light banner-btn-size-default banner-btn-style-default wd-display-image banner-vr-align-middle banner-hr-align-center\" \r\n\t\t\t\t\t\t\t\t\t\t\t >\r\n\r\n\t\t\t\t<div class=\"main-wrapp-img\">\r\n\t\t\t\t\t\t\t\t\t\t\t<div class=\"banner-image\">\r\n\t\t\t\t\t\t\t<img width=\"1920\" height=\"500\" src=\"https:\/\/ozkeskinogullari.com\/wp-content\/uploads\/2023\/10\/hizmet-banner-image-3.jpg\" class=\"promo-banner-image attachment-full\" alt=\"\" decoding=\"async\" title=\"hizmet-banner-image-3\" loading=\"lazy\" srcset=\"https:\/\/ozkeskinogullari.com\/wp-content\/uploads\/2023\/10\/hizmet-banner-image-3.jpg 1920w, https:\/\/ozkeskinogullari.com\/wp-content\/uploads\/2023\/10\/hizmet-banner-image-3-300x78.jpg 300w, https:\/\/ozkeskinogullari.com\/wp-content\/uploads\/2023\/10\/hizmet-banner-image-3-1024x267.jpg 1024w, https:\/\/ozkeskinogullari.com\/wp-content\/uploads\/2023\/10\/hizmet-banner-image-3-768x200.jpg 768w, https:\/\/ozkeskinogullari.com\/wp-content\/uploads\/2023\/10\/hizmet-banner-image-3-1536x400.jpg 1536w, https:\/\/ozkeskinogullari.com\/wp-content\/uploads\/2023\/10\/hizmet-banner-image-3-18x5.jpg 18w\" sizes=\"(max-width: 1920px) 100vw, 1920px\" \/>\t\t\t\t\t\t<\/div>\r\n\t\t\t\t\t\t\t\t\t<\/div>\r\n\r\n\t\t\t\t<div class=\"wrapper-content-banner wd-fill  wd-items-middle wd-justify-center\">\r\n\t\t\t\t\t<div class=\"content-banner text-center wd-width-100\">\r\n\t\t\t\t\t\t\t<div class=\"banner-title-wrap banner-title-default\">\r\n\t\t\t\t\t\t\t\t\t\t\t\t\t\t\t\t\t\t\t\t\t\t\t\t\t<\/div>\r\n\t\t\t\t\t\t\t\t\t\t\t\t\t<div class=\"banner-inner set-cont-mb-s reset-last-child wd-fontsize-xs\">\r\n\t\t\t\t\t\t\t\t<\/p>\n<h1 style=\"text-align: center;\">Sh\u00ebrbimi i pjessh\u00ebm<\/h1>\n<p>\n\t\t\t\t\t\t\t<\/div>\r\n\t\t\t\t\t\t\t\t\t\t\t\t\t\t\t\t\t<\/div>\r\n\t\t\t\t<\/div>\r\n\t\t\t\t\t\t\t<\/div>\r\n\t\t<\/div>\r\n\t\t\r\n\t\t<\/div><\/div><\/div><\/div><div id=\"hizmet-content\" class=\"vc_row wpb_row vc_row-fluid\"><div class=\"wpb_column vc_column_container vc_col-sm-12\"><div class=\"vc_column-inner\"><div class=\"wpb_wrapper\">\n\t<div class=\"wpb_text_column wpb_content_element\" >\n\t\t<div class=\"wpb_wrapper\">\n\t\t\t<h2 style=\"text-align: center;\">\u201cSh\u00ebrbimi i transportit t\u00eb pjessh\u00ebm: Transport i sigurt i gj\u00ebrave me vler\u00eb\u201d<\/h2>\n<p style=\"text-align: center;\">Transporti i pjessh\u00ebm \u00ebsht\u00eb nj\u00eb zgjidhje logjistike q\u00eb lejon q\u00eb sasi t\u00eb vogla ngarkesash t\u00eb bashkohen dhe transportohen n\u00eb t\u00eb nj\u00ebjt\u00ebn rrug\u00eb. Ky sh\u00ebrbim \u00ebsht\u00eb nj\u00eb sistem q\u00eb zakonisht paguhet nga d\u00ebrguesi dhe organizohet nga kompanit\u00eb e transportit q\u00eb kryejn\u00eb transportin. Transporti i pjessh\u00ebm shquhet si nj\u00eb opsion ideal p\u00ebr bizneset e vogla, individ\u00ebt ose ata q\u00eb d\u00ebrgojn\u00eb ngarkesa n\u00eb shkall\u00eb t\u00eb vog\u00ebl.<\/p>\n<p style=\"text-align: center;\">Transport i pjessh\u00ebm n\u00ebnkupton mbushjen e pjes\u00ebve boshe t\u00eb kamion\u00ebve ose kontejner\u00ebve q\u00eb zakonisht bartin ngarkesa t\u00eb m\u00ebdha me d\u00ebrgesa t\u00eb vogla. Kjo u jep transportuesve mund\u00ebsin\u00eb p\u00ebr t\u00eb shmangur kostot e larta dhe p\u00ebr t\u00eb konsoliduar ngarkesat me transportues t\u00eb tjer\u00eb n\u00eb t\u00eb nj\u00ebjt\u00ebn rrug\u00eb. N\u00eb k\u00ebt\u00eb m\u00ebnyr\u00eb, kostoja e transportit b\u00ebhet m\u00eb ekonomike dhe rritet efikasiteti i logjistik\u00ebs.<\/p>\n<p style=\"text-align: center;\">Sh\u00ebrbimet e pjesshme t\u00eb transportit p\u00ebrdoren p\u00ebrgjith\u00ebsisht n\u00eb sektor\u00eb t\u00eb ndrysh\u00ebm. P\u00ebr shembull, bizneset e vogla mund t\u00eb p\u00ebrdorin sh\u00ebrbime t\u00eb pjesshme t\u00eb transportit p\u00ebr t\u00eb ofruar produktet e tyre te klient\u00ebt. P\u00ebr m\u00eb tep\u00ebr, sh\u00ebrbimet e pjesshme t\u00eb transportit mund t\u00eb preferohen kur individ\u00ebt po i zhvendosin mallrat e tyre sht\u00ebpiake n\u00eb nj\u00eb vend t\u00eb ri ose po i marrin gj\u00ebrat e tyre nga magazina.<\/p>\n<p style=\"text-align: center;\">Ky sh\u00ebrbim \u00ebsht\u00eb gjithashtu i r\u00ebnd\u00ebsish\u00ebm p\u00ebr sigurimin e transportit t\u00eb sigurt t\u00eb sendeve me vler\u00eb. Kompanit\u00eb e transportit zakonisht punojn\u00eb me ekipe profesionale dhe marrin masat e nevojshme p\u00ebr sigurin\u00eb e mallrave. Kur transportoni sende q\u00eb jan\u00eb t\u00eb ndjeshme, t\u00eb brishta ose q\u00eb k\u00ebrkojn\u00eb mbrojtje t\u00eb ve\u00e7ant\u00eb, ky sh\u00ebrbim synon t\u00eb minimizoj\u00eb d\u00ebmtimin e artikujve n\u00ebp\u00ebrmjet paketimit t\u00eb kujdessh\u00ebm, kushteve t\u00eb ve\u00e7anta t\u00eb transportit dhe personelit me p\u00ebrvoj\u00eb.<\/p>\n<p style=\"text-align: center;\">Transporti i pjessh\u00ebm mund t\u00eb jet\u00eb gjithashtu nj\u00eb opsion miq\u00ebsor ndaj mjedisit. P\u00ebr shkak se me mbushjen e kapacitetit t\u00eb transportit boshe, mund t\u00eb ket\u00eb m\u00eb pak trafik automjetesh n\u00eb t\u00eb nj\u00ebjt\u00ebn rrug\u00eb. Kjo mund t\u00eb zvog\u00ebloj\u00eb ndikimin mjedisor t\u00eb procesit t\u00eb transportit.<\/p>\n<p style=\"text-align: center;\">Nj\u00eb faktor i r\u00ebnd\u00ebsish\u00ebm p\u00ebr klient\u00ebt \u00ebsht\u00eb se sh\u00ebrbimet e pjesshme t\u00eb transportit shpesh ofrojn\u00eb fleksibilitet. N\u00ebse ngarkesat duhet t\u00eb dor\u00ebzohen brenda nj\u00eb periudhe t\u00eb caktuar kohore ose n\u00eb nj\u00eb rajon t\u00eb caktuar, transporti i pjessh\u00ebm mund t\u00eb p\u00ebrmbush\u00eb k\u00ebto k\u00ebrkesa.<\/p>\n<p style=\"text-align: center;\">Si rezultat, sh\u00ebrbimi i pjessh\u00ebm i transportit siguron transportin e sigurt, ekonomik dhe efikas t\u00eb sasive t\u00eb vogla t\u00eb ngarkesave. Ky sh\u00ebrbim i favorsh\u00ebm si p\u00ebr bizneset ashtu edhe p\u00ebr individ\u00ebt, z\u00eb nj\u00eb vend t\u00eb r\u00ebnd\u00ebsish\u00ebm n\u00eb industrin\u00eb e transportit dhe kontribuon n\u00eb optimizimin e proceseve logjistike.<\/p>\n\n\t\t<\/div>\n\t<\/div>\n<\/div><\/div><\/div><\/div><div id=\"form\" class=\"vc_row wpb_row vc_row-fluid\"><div class=\"wpb_column vc_column_container vc_col-sm-12\"><div class=\"vc_column-inner\"><div class=\"wpb_wrapper\">\n\t<div class=\"wpb_text_column wpb_content_element\" >\n\t\t<div class=\"wpb_wrapper\">\n\t\t\t<h5 id=\"brxe-elmvah\" class=\"brxe-heading main__sub-title\" style=\"text-align: center;\">NA KONTAKTONI<\/h5>\n<h2 id=\"brxe-gscczu\" class=\"brxe-heading main__title\" style=\"text-align: center;\">LE NA KONTAKTONI!<\/h2>\n\n\t\t<\/div>\n\t<\/div>\n\n<div class=\"wpcf7 no-js\" id=\"wpcf7-f8-o1\" lang=\"tr-TR\" dir=\"ltr\">\n<div class=\"screen-reader-response\"><p role=\"status\" aria-live=\"polite\" aria-atomic=\"true\"><\/p> <ul><\/ul><\/div>\n<form action=\"\/sq\/wp-json\/wp\/v2\/pages\/43#wpcf7-f8-o1\" method=\"post\" class=\"wpcf7-form init\" aria-label=\"Contact form\" novalidate=\"novalidate\" data-status=\"init\" data-trp-original-action=\"\/sq\/wp-json\/wp\/v2\/pages\/43#wpcf7-f8-o1\">\n<div style=\"display: none;\">\n<input type=\"hidden\" name=\"_wpcf7\" value=\"8\" \/>\n<input type=\"hidden\" name=\"_wpcf7_version\" value=\"5.8.2\" \/>\n<input type=\"hidden\" name=\"_wpcf7_locale\" value=\"tr_TR\" \/>\n<input type=\"hidden\" name=\"_wpcf7_unit_tag\" value=\"wpcf7-f8-o1\" \/>\n<input type=\"hidden\" name=\"_wpcf7_container_post\" value=\"0\" \/>\n<input type=\"hidden\" name=\"_wpcf7_posted_data_hash\" value=\"\" \/>\n<\/div>\n<p><label> Emri juaj;<br \/>\n<span class=\"wpcf7-form-control-wrap\" data-name=\"your-name\"><input size=\"40\" class=\"wpcf7-form-control wpcf7-text wpcf7-validates-as-required\" autocomplete=\"name\" aria-required=\"true\" aria-invalid=\"false\" value=\"\" type=\"text\" name=\"your-name\" \/><\/span> <\/label>\n<\/p>\n<p><label> Email<br \/>\n<span class=\"wpcf7-form-control-wrap\" data-name=\"your-email\"><input size=\"40\" class=\"wpcf7-form-control wpcf7-email wpcf7-validates-as-required wpcf7-text wpcf7-validates-as-email\" autocomplete=\"email\" aria-required=\"true\" aria-invalid=\"false\" value=\"\" type=\"email\" name=\"your-email\" \/><\/span> <\/label>\n<\/p>\n<p><label> L\u00ebnda;<br \/>\n<span class=\"wpcf7-form-control-wrap\" data-name=\"your-subject\"><input size=\"40\" class=\"wpcf7-form-control wpcf7-text wpcf7-validates-as-required\" aria-required=\"true\" aria-invalid=\"false\" value=\"\" type=\"text\" name=\"your-subject\" \/><\/span> <\/label>\n<\/p>\n<p><label> Mesazhi juaj (Opsionale)<br \/>\n<span class=\"wpcf7-form-control-wrap\" data-name=\"your-message\"><textarea cols=\"40\" rows=\"10\" class=\"wpcf7-form-control wpcf7-textarea\" aria-invalid=\"false\" name=\"your-message\"><\/textarea><\/span> <\/label>\n<\/p>\n<p><input class=\"wpcf7-form-control wpcf7-submit has-spinner\" type=\"submit\" value=\"D\u00ebrgo\" \/>\n<\/p><div class=\"wpcf7-response-output\" aria-hidden=\"true\"><\/div>\n<input type=\"hidden\" name=\"trp-form-language\" value=\"sq\"\/><\/form>\n<\/div>\n<\/div><\/div><\/div><\/div>\n<\/section>","protected":false},"excerpt":{"rendered":"Parsiyel Hizmeti \"Parsiyel Ta\u015f\u0131mac\u0131l\u0131k Hizmeti: De\u011ferli E\u015fyalar\u0131n G\u00fcvenli Nakliyesi\" Parsiyel ta\u015f\u0131mac\u0131l\u0131k, \u00f6zellikle k\u00fc\u00e7\u00fck miktarlardaki y\u00fcklerin bir araya getirilerek ayn\u0131 g\u00fczergahta","protected":false},"author":1,"featured_media":0,"parent":0,"menu_order":0,"comment_status":"closed","ping_status":"closed","template":"","meta":{"footnotes":""},"yoast_head":"<!-- This site is optimized with the Yoast SEO plugin v21.5 - https:\/\/yoast.com\/wordpress\/plugins\/seo\/ -->\n<title>Parsiyel Hizmeti - Ozkeskinogullari Transport<\/title>\n<meta name=\"robots\" content=\"index, follow, max-snippet:-1, max-image-preview:large, max-video-preview:-1\" \/>\n<link rel=\"canonical\" href=\"https:\/\/ozkeskinogullari.com\/sq\/parsiyel-hizmeti\/\" \/>\n<meta property=\"og:locale\" content=\"sq_AL\" \/>\n<meta property=\"og:type\" content=\"article\" \/>\n<meta property=\"og:title\" content=\"Parsiyel Hizmeti - Ozkeskinogullari Transport\" \/>\n<meta property=\"og:url\" content=\"https:\/\/ozkeskinogullari.com\/sq\/parsiyel-hizmeti\/\" \/>\n<meta property=\"og:site_name\" content=\"Ozkeskinogullari Transport\" \/>\n<meta property=\"article:publisher\" content=\"https:\/\/www.facebook.com\/keskintransport\" \/>\n<meta property=\"article:modified_time\" content=\"2023-10-31T11:23:32+00:00\" \/>\n<meta property=\"og:image\" content=\"https:\/\/ozkeskinogullari.com\/wp-content\/uploads\/2023\/03\/ozkeskinogullari-logo-jpg.jpg\" \/>\n\t<meta property=\"og:image:width\" content=\"1000\" \/>\n\t<meta property=\"og:image:height\" content=\"1000\" \/>\n\t<meta property=\"og:image:type\" content=\"image\/jpeg\" \/>\n<meta name=\"twitter:card\" content=\"summary_large_image\" \/>\n<meta name=\"twitter:label1\" content=\"Est. reading time\" \/>\n\t<meta name=\"twitter:data1\" content=\"3 minuta\" \/>\n<script type=\"application\/ld+json\" class=\"yoast-schema-graph\">{\"@context\":\"https:\/\/schema.org\",\"@graph\":[{\"@type\":\"WebPage\",\"@id\":\"https:\/\/ozkeskinogullari.com\/parsiyel-hizmeti\/\",\"url\":\"https:\/\/ozkeskinogullari.com\/parsiyel-hizmeti\/\",\"name\":\"Parsiyel Hizmeti - Ozkeskinogullari Transport\",\"isPartOf\":{\"@id\":\"https:\/\/ozkeskinogullari.com\/#website\"},\"datePublished\":\"2023-10-26T10:41:39+00:00\",\"dateModified\":\"2023-10-31T11:23:32+00:00\",\"breadcrumb\":{\"@id\":\"https:\/\/ozkeskinogullari.com\/parsiyel-hizmeti\/#breadcrumb\"},\"inLanguage\":\"sq\",\"potentialAction\":[{\"@type\":\"ReadAction\",\"target\":[\"https:\/\/ozkeskinogullari.com\/parsiyel-hizmeti\/\"]}]},{\"@type\":\"BreadcrumbList\",\"@id\":\"https:\/\/ozkeskinogullari.com\/parsiyel-hizmeti\/#breadcrumb\",\"itemListElement\":[{\"@type\":\"ListItem\",\"position\":1,\"name\":\"Anasayfa\",\"item\":\"https:\/\/ozkeskinogullari.com\/\"},{\"@type\":\"ListItem\",\"position\":2,\"name\":\"Parsiyel Hizmeti\"}]},{\"@type\":\"WebSite\",\"@id\":\"https:\/\/ozkeskinogullari.com\/#website\",\"url\":\"https:\/\/ozkeskinogullari.com\/\",\"name\":\"\u00d6zkeskinogullari Transport | Lojistik\",\"description\":\"Lojistik sekt\u00f6r\u00fcn\u00fcn lideri!\",\"publisher\":{\"@id\":\"https:\/\/ozkeskinogullari.com\/#organization\"},\"alternateName\":\"\u00d6zkeskinogullari Transport | Lojistik\",\"potentialAction\":[{\"@type\":\"SearchAction\",\"target\":{\"@type\":\"EntryPoint\",\"urlTemplate\":\"https:\/\/ozkeskinogullari.com\/?s={search_term_string}\"},\"query-input\":\"required name=search_term_string\"}],\"inLanguage\":\"sq\"},{\"@type\":\"Organization\",\"@id\":\"https:\/\/ozkeskinogullari.com\/#organization\",\"name\":\"\u00d6zkeskinogullari Transport | Lojistik\",\"alternateName\":\"\u00d6zkeskinogullari Transport | Lojistik\",\"url\":\"https:\/\/ozkeskinogullari.com\/\",\"logo\":{\"@type\":\"ImageObject\",\"inLanguage\":\"sq\",\"@id\":\"https:\/\/ozkeskinogullari.com\/#\/schema\/logo\/image\/\",\"url\":\"https:\/\/ozkeskinogullari.com\/wp-content\/uploads\/2023\/03\/ozkeskinogullari-logo-jpg.jpg\",\"contentUrl\":\"https:\/\/ozkeskinogullari.com\/wp-content\/uploads\/2023\/03\/ozkeskinogullari-logo-jpg.jpg\",\"width\":1000,\"height\":1000,\"caption\":\"\u00d6zkeskinogullari Transport | Lojistik\"},\"image\":{\"@id\":\"https:\/\/ozkeskinogullari.com\/#\/schema\/logo\/image\/\"},\"sameAs\":[\"https:\/\/www.facebook.com\/keskintransport\",\"https:\/\/www.instagram.com\/ozkeskintransport\/\",\"https:\/\/www.linkedin.com\/company\/zkeskinoullar-transport\/\"]}]}<\/script>\n<!-- \/ Yoast SEO plugin. -->","yoast_head_json":{"title":"Parsiyel Hizmeti - Ozkeskinogullari Transport","robots":{"index":"index","follow":"follow","max-snippet":"max-snippet:-1","max-image-preview":"max-image-preview:large","max-video-preview":"max-video-preview:-1"},"canonical":"https:\/\/ozkeskinogullari.com\/sq\/parsiyel-hizmeti\/","og_locale":"sq_AL","og_type":"article","og_title":"Parsiyel Hizmeti - Ozkeskinogullari Transport","og_url":"https:\/\/ozkeskinogullari.com\/sq\/parsiyel-hizmeti\/","og_site_name":"Ozkeskinogullari Transport","article_publisher":"https:\/\/www.facebook.com\/keskintransport","article_modified_time":"2023-10-31T11:23:32+00:00","og_image":[{"width":1000,"height":1000,"url":"https:\/\/ozkeskinogullari.com\/wp-content\/uploads\/2023\/03\/ozkeskinogullari-logo-jpg.jpg","type":"image\/jpeg"}],"twitter_card":"summary_large_image","twitter_misc":{"Est. reading time":"3 minuta"},"schema":{"@context":"https:\/\/schema.org","@graph":[{"@type":"WebPage","@id":"https:\/\/ozkeskinogullari.com\/parsiyel-hizmeti\/","url":"https:\/\/ozkeskinogullari.com\/parsiyel-hizmeti\/","name":"Parsiyel Hizmeti - Ozkeskinogullari Transport","isPartOf":{"@id":"https:\/\/ozkeskinogullari.com\/#website"},"datePublished":"2023-10-26T10:41:39+00:00","dateModified":"2023-10-31T11:23:32+00:00","breadcrumb":{"@id":"https:\/\/ozkeskinogullari.com\/parsiyel-hizmeti\/#breadcrumb"},"inLanguage":"sq","potentialAction":[{"@type":"ReadAction","target":["https:\/\/ozkeskinogullari.com\/parsiyel-hizmeti\/"]}]},{"@type":"BreadcrumbList","@id":"https:\/\/ozkeskinogullari.com\/parsiyel-hizmeti\/#breadcrumb","itemListElement":[{"@type":"ListItem","position":1,"name":"Anasayfa","item":"https:\/\/ozkeskinogullari.com\/"},{"@type":"ListItem","position":2,"name":"Parsiyel Hizmeti"}]},{"@type":"WebSite","@id":"https:\/\/ozkeskinogullari.com\/#website","url":"https:\/\/ozkeskinogullari.com\/","name":"\u00d6zkeskinogullari Transport | Lojistik","description":"Lojistik sekt\u00f6r\u00fcn\u00fcn lideri!","publisher":{"@id":"https:\/\/ozkeskinogullari.com\/#organization"},"alternateName":"\u00d6zkeskinogullari Transport | Lojistik","potentialAction":[{"@type":"SearchAction","target":{"@type":"EntryPoint","urlTemplate":"https:\/\/ozkeskinogullari.com\/?s={search_term_string}"},"query-input":"required name=search_term_string"}],"inLanguage":"sq"},{"@type":"Organization","@id":"https:\/\/ozkeskinogullari.com\/#organization","name":"\u00d6zkeskinogullari Transport | Lojistik","alternateName":"\u00d6zkeskinogullari Transport | Lojistik","url":"https:\/\/ozkeskinogullari.com\/","logo":{"@type":"ImageObject","inLanguage":"sq","@id":"https:\/\/ozkeskinogullari.com\/#\/schema\/logo\/image\/","url":"https:\/\/ozkeskinogullari.com\/wp-content\/uploads\/2023\/03\/ozkeskinogullari-logo-jpg.jpg","contentUrl":"https:\/\/ozkeskinogullari.com\/wp-content\/uploads\/2023\/03\/ozkeskinogullari-logo-jpg.jpg","width":1000,"height":1000,"caption":"\u00d6zkeskinogullari Transport | Lojistik"},"image":{"@id":"https:\/\/ozkeskinogullari.com\/#\/schema\/logo\/image\/"},"sameAs":["https:\/\/www.facebook.com\/keskintransport","https:\/\/www.instagram.com\/ozkeskintransport\/","https:\/\/www.linkedin.com\/company\/zkeskinoullar-transport\/"]}]}},"_links":{"self":[{"href":"https:\/\/ozkeskinogullari.com\/sq\/wp-json\/wp\/v2\/pages\/43"}],"collection":[{"href":"https:\/\/ozkeskinogullari.com\/sq\/wp-json\/wp\/v2\/pages"}],"about":[{"href":"https:\/\/ozkeskinogullari.com\/sq\/wp-json\/wp\/v2\/types\/page"}],"author":[{"embeddable":true,"href":"https:\/\/ozkeskinogullari.com\/sq\/wp-json\/wp\/v2\/users\/1"}],"replies":[{"embeddable":true,"href":"https:\/\/ozkeskinogullari.com\/sq\/wp-json\/wp\/v2\/comments?post=43"}],"version-history":[{"count":3,"href":"https:\/\/ozkeskinogullari.com\/sq\/wp-json\/wp\/v2\/pages\/43\/revisions"}],"predecessor-version":[{"id":146,"href":"https:\/\/ozkeskinogullari.com\/sq\/wp-json\/wp\/v2\/pages\/43\/revisions\/146"}],"wp:attachment":[{"href":"https:\/\/ozkeskinogullari.com\/sq\/wp-json\/wp\/v2\/media?parent=43"}],"curies":[{"name":"wp","href":"https:\/\/api.w.org\/{rel}","templated":true}]}}