{"id":45,"date":"2023-10-26T13:41:51","date_gmt":"2023-10-26T10:41:51","guid":{"rendered":"https:\/\/ozkeskinogullari.com\/?page_id=45"},"modified":"2023-10-31T14:08:11","modified_gmt":"2023-10-31T11:08:11","slug":"agir-vasita-arac-tamiri","status":"publish","type":"page","link":"https:\/\/ozkeskinogullari.com\/sq\/agir-vasita-arac-tamiri\/","title":{"rendered":"Riparimi i automjeteve t\u00eb r\u00ebnda"},"content":{"rendered":"<section class=\"wpb-content-wrapper\"><div id=\"banners-row\" class=\"vc_row wpb_row vc_row-fluid\"><div class=\"wpb_column vc_column_container vc_col-sm-12\"><div class=\"vc_column-inner\"><div class=\"wpb_wrapper\">\t\t\t<link rel=\"stylesheet\" id=\"wd-banner-css\" href=\"https:\/\/ozkeskinogullari.com\/wp-content\/themes\/pixel-wp\/css\/parts\/wpb-el-banner.min.css?ver=6.1\" type=\"text\/css\" media=\"all\" \/> \t\t\t\t\t<div class=\"promo-banner-wrapper\">\r\n\t\t\t<div id=\"wd-6540db18d66ec\" class=\"promo-banner banner- banner-hover-none color-scheme-light banner-btn-size-default banner-btn-style-default wd-display-image banner-vr-align-middle banner-hr-align-center\" \r\n\t\t\t\t\t\t\t\t\t\t\t >\r\n\r\n\t\t\t\t<div class=\"main-wrapp-img\">\r\n\t\t\t\t\t\t\t\t\t\t\t<div class=\"banner-image\">\r\n\t\t\t\t\t\t\t<img width=\"1920\" height=\"500\" src=\"https:\/\/ozkeskinogullari.com\/wp-content\/uploads\/2023\/10\/hizmet-banner-image-1.jpg\" class=\"promo-banner-image attachment-full\" alt=\"\" decoding=\"async\" title=\"hizmet-banner-image-1\" loading=\"lazy\" srcset=\"https:\/\/ozkeskinogullari.com\/wp-content\/uploads\/2023\/10\/hizmet-banner-image-1.jpg 1920w, https:\/\/ozkeskinogullari.com\/wp-content\/uploads\/2023\/10\/hizmet-banner-image-1-300x78.jpg 300w, https:\/\/ozkeskinogullari.com\/wp-content\/uploads\/2023\/10\/hizmet-banner-image-1-1024x267.jpg 1024w, https:\/\/ozkeskinogullari.com\/wp-content\/uploads\/2023\/10\/hizmet-banner-image-1-768x200.jpg 768w, https:\/\/ozkeskinogullari.com\/wp-content\/uploads\/2023\/10\/hizmet-banner-image-1-1536x400.jpg 1536w, https:\/\/ozkeskinogullari.com\/wp-content\/uploads\/2023\/10\/hizmet-banner-image-1-18x5.jpg 18w\" sizes=\"(max-width: 1920px) 100vw, 1920px\" \/>\t\t\t\t\t\t<\/div>\r\n\t\t\t\t\t\t\t\t\t<\/div>\r\n\r\n\t\t\t\t<div class=\"wrapper-content-banner wd-fill  wd-items-middle wd-justify-center\">\r\n\t\t\t\t\t<div class=\"content-banner text-center wd-width-100\">\r\n\t\t\t\t\t\t\t<div class=\"banner-title-wrap banner-title-default\">\r\n\t\t\t\t\t\t\t\t\t\t\t\t\t\t\t\t\t\t\t\t\t\t\t\t\t<\/div>\r\n\t\t\t\t\t\t\t\t\t\t\t\t\t<div class=\"banner-inner set-cont-mb-s reset-last-child wd-fontsize-xs\">\r\n\t\t\t\t\t\t\t\t<\/p>\n<h1 style=\"text-align: center;\">Riparimi i automjeteve t\u00eb r\u00ebnda<\/h1>\n<p>\n\t\t\t\t\t\t\t<\/div>\r\n\t\t\t\t\t\t\t\t\t\t\t\t\t\t\t\t\t<\/div>\r\n\t\t\t\t<\/div>\r\n\t\t\t\t\t\t\t<\/div>\r\n\t\t<\/div>\r\n\t\t\r\n\t\t<\/div><\/div><\/div><\/div><div id=\"hizmet-content\" class=\"vc_row wpb_row vc_row-fluid\"><div class=\"wpb_column vc_column_container vc_col-sm-12\"><div class=\"vc_column-inner\"><div class=\"wpb_wrapper\">\n\t<div class=\"wpb_text_column wpb_content_element\" >\n\t\t<div class=\"wpb_wrapper\">\n\t\t\t<h2 style=\"text-align: center;\">\"Riparimi i automjeteve t\u00eb r\u00ebnda: Mir\u00ebmbajtje dhe riparim profesional\"<\/h2>\n<p style=\"text-align: center;\">Automjetet e r\u00ebnda jan\u00eb makina nd\u00ebrtimi t\u00eb m\u00ebdha dhe t\u00eb r\u00ebnda q\u00eb p\u00ebrdoren p\u00ebrgjith\u00ebsisht n\u00eb aktivitete tregtare. K\u00ebto automjete p\u00ebrdoren n\u00eb nj\u00eb gam\u00eb t\u00eb gjer\u00eb detyrash, nga transporti i mallrave deri tek aktivitetet e nd\u00ebrtimit dhe industriale. Mir\u00ebmbajtja dhe riparimi i automjeteve t\u00eb tilla \u00ebsht\u00eb jasht\u00ebzakonisht i r\u00ebnd\u00ebsish\u00ebm jo vet\u00ebm p\u00ebr sigurin\u00eb e drejtuesve t\u00eb automjeteve dhe bizneseve, por edhe p\u00ebr vazhdim\u00ebsin\u00eb e sektor\u00ebve si transporti publik, tregtia dhe prodhimi industrial.<\/p>\n<p style=\"text-align: center;\">Riparimi i automjeteve t\u00eb r\u00ebnda shpesh k\u00ebrkon nj\u00eb proces kompleks. K\u00ebto automjete p\u00ebrb\u00ebhen nga shum\u00eb komponent\u00eb t\u00eb ndrysh\u00ebm si motori, transmisioni, shasia dhe sistemet elektronike. Operacionet e mir\u00ebmbajtjes dhe riparimit k\u00ebrkojn\u00eb teknik\u00eb me p\u00ebrvoj\u00eb dhe t\u00eb specializuar. Servisimi dhe riparimi i k\u00ebtyre automjeteve k\u00ebrkon trajtimin e sistemeve komplekse q\u00eb k\u00ebrkojn\u00eb pajisje speciale dhe njohuri eksperte.<\/p>\n<p style=\"text-align: center;\">Riparimi i automjeteve t\u00eb r\u00ebnda \u00ebsht\u00eb nj\u00eb fush\u00eb q\u00eb k\u00ebrkon mir\u00ebmbajtje t\u00eb rregullt, riparim dhe reagim t\u00eb shpejt\u00eb n\u00eb situata emergjente. Rutinat e mir\u00ebmbajtjes p\u00ebrfshijn\u00eb procedurat baz\u00eb si ndryshimi i vajit, pastrimi ose z\u00ebvend\u00ebsimi i filtrave, kontrollimi i sistemeve t\u00eb frenimit. K\u00ebto jan\u00eb t\u00eb r\u00ebnd\u00ebsishme p\u00ebr t\u00eb rritur efikasitetin e automjetit dhe p\u00ebr t\u00eb siguruar jet\u00ebgjat\u00ebsin\u00eb e tij.<\/p>\n<p style=\"text-align: center;\">Riparimi i keqfunksionimeve n\u00eb automjete \u00ebsht\u00eb gjithashtu nj\u00eb pjes\u00eb kritike e riparimit t\u00eb automjeteve t\u00eb r\u00ebnda. Situata t\u00eb tilla si mosfunksionimi i motorit, problemet e transmisionit dhe keqfunksionimet n\u00eb sistemet elektronike mund t\u00eb k\u00ebrkojn\u00eb nd\u00ebrhyrjen e nj\u00eb ekipi ekspert\u00ebsh t\u00eb mir\u00ebmbajtjes dhe riparimit. Nd\u00ebrhyrja e shpejt\u00eb dhe efektive siguron q\u00eb automjeti t\u00eb funksionoj\u00eb s\u00ebrish dhe bizneset t\u00eb funksionojn\u00eb pa nd\u00ebrprerje.<\/p>\n<p style=\"text-align: center;\">Riparimi i automjeteve t\u00eb r\u00ebnda \u00ebsht\u00eb gjithashtu n\u00eb hap me zhvillimet teknologjike. N\u00eb dit\u00ebt e sotme, disa automjete tani kan\u00eb sisteme m\u00eb t\u00eb zgjuara, gj\u00eb q\u00eb k\u00ebrkon q\u00eb teknik\u00ebt t\u00eb trajnohen vazhdimisht dhe t\u00eb p\u00ebrshtaten me teknologjit\u00eb e reja.<\/p>\n<p style=\"text-align: center;\">Si rezultat, riparimi i automjeteve t\u00eb r\u00ebnda \u00ebsht\u00eb nj\u00eb sektor me r\u00ebnd\u00ebsi t\u00eb madhe. Njohurit\u00eb dhe p\u00ebrvoja e teknik\u00ebve n\u00eb k\u00ebt\u00eb fush\u00eb, e cila k\u00ebrkon ekspertiz\u00eb, luan nj\u00eb rol kritik n\u00eb sigurin\u00eb e bizneseve dhe shoq\u00ebris\u00eb. Edukimi i vazhduesh\u00ebm, aft\u00ebsia p\u00ebr t\u00eb ndjekur zhvillimet teknologjike dhe nd\u00ebrhyrja e shpejt\u00eb jan\u00eb faktor\u00ebt q\u00eb p\u00ebrcaktojn\u00eb suksesin e profesionist\u00ebve n\u00eb k\u00ebt\u00eb fush\u00eb.<\/p>\n\n\t\t<\/div>\n\t<\/div>\n<\/div><\/div><\/div><\/div><div id=\"form\" class=\"vc_row wpb_row vc_row-fluid\"><div class=\"wpb_column vc_column_container vc_col-sm-12\"><div class=\"vc_column-inner\"><div class=\"wpb_wrapper\">\n\t<div class=\"wpb_text_column wpb_content_element\" >\n\t\t<div class=\"wpb_wrapper\">\n\t\t\t<h5 id=\"brxe-elmvah\" class=\"brxe-heading main__sub-title\" style=\"text-align: center;\">NA KONTAKTONI<\/h5>\n<h2 id=\"brxe-gscczu\" class=\"brxe-heading main__title\" style=\"text-align: center;\">LE NA KONTAKTONI!<\/h2>\n\n\t\t<\/div>\n\t<\/div>\n\n<div class=\"wpcf7 no-js\" id=\"wpcf7-f8-o1\" lang=\"tr-TR\" dir=\"ltr\">\n<div class=\"screen-reader-response\"><p role=\"status\" aria-live=\"polite\" aria-atomic=\"true\"><\/p> <ul><\/ul><\/div>\n<form action=\"\/sq\/wp-json\/wp\/v2\/pages\/45#wpcf7-f8-o1\" method=\"post\" class=\"wpcf7-form init\" aria-label=\"Contact form\" novalidate=\"novalidate\" data-status=\"init\" data-trp-original-action=\"\/sq\/wp-json\/wp\/v2\/pages\/45#wpcf7-f8-o1\">\n<div style=\"display: none;\">\n<input type=\"hidden\" name=\"_wpcf7\" value=\"8\" \/>\n<input type=\"hidden\" name=\"_wpcf7_version\" value=\"5.8.2\" \/>\n<input type=\"hidden\" name=\"_wpcf7_locale\" value=\"tr_TR\" \/>\n<input type=\"hidden\" name=\"_wpcf7_unit_tag\" value=\"wpcf7-f8-o1\" \/>\n<input type=\"hidden\" name=\"_wpcf7_container_post\" value=\"0\" \/>\n<input type=\"hidden\" name=\"_wpcf7_posted_data_hash\" value=\"\" \/>\n<\/div>\n<p><label> Emri juaj;<br \/>\n<span class=\"wpcf7-form-control-wrap\" data-name=\"your-name\"><input size=\"40\" class=\"wpcf7-form-control wpcf7-text wpcf7-validates-as-required\" autocomplete=\"name\" aria-required=\"true\" aria-invalid=\"false\" value=\"\" type=\"text\" name=\"your-name\" \/><\/span> <\/label>\n<\/p>\n<p><label> Email<br \/>\n<span class=\"wpcf7-form-control-wrap\" data-name=\"your-email\"><input size=\"40\" class=\"wpcf7-form-control wpcf7-email wpcf7-validates-as-required wpcf7-text wpcf7-validates-as-email\" autocomplete=\"email\" aria-required=\"true\" aria-invalid=\"false\" value=\"\" type=\"email\" name=\"your-email\" \/><\/span> <\/label>\n<\/p>\n<p><label> L\u00ebnda;<br \/>\n<span class=\"wpcf7-form-control-wrap\" data-name=\"your-subject\"><input size=\"40\" class=\"wpcf7-form-control wpcf7-text wpcf7-validates-as-required\" aria-required=\"true\" aria-invalid=\"false\" value=\"\" type=\"text\" name=\"your-subject\" \/><\/span> <\/label>\n<\/p>\n<p><label> Mesazhi juaj (Opsionale)<br \/>\n<span class=\"wpcf7-form-control-wrap\" data-name=\"your-message\"><textarea cols=\"40\" rows=\"10\" class=\"wpcf7-form-control wpcf7-textarea\" aria-invalid=\"false\" name=\"your-message\"><\/textarea><\/span> <\/label>\n<\/p>\n<p><input class=\"wpcf7-form-control wpcf7-submit has-spinner\" type=\"submit\" value=\"D\u00ebrgo\" \/>\n<\/p><div class=\"wpcf7-response-output\" aria-hidden=\"true\"><\/div>\n<input type=\"hidden\" name=\"trp-form-language\" value=\"sq\"\/><\/form>\n<\/div>\n<\/div><\/div><\/div><\/div>\n<\/section>","protected":false},"excerpt":{"rendered":"A\u011f\u0131r Vas\u0131ta Ara\u00e7 Tamiri \"A\u011f\u0131r Vas\u0131ta Ara\u00e7 Tamiri: Profesyonel Bak\u0131m ve Onar\u0131m\" A\u011f\u0131r vas\u0131ta ara\u00e7lar, genellikle ticari faaliyetlerde kullan\u0131lan b\u00fcy\u00fck","protected":false},"author":1,"featured_media":0,"parent":0,"menu_order":0,"comment_status":"closed","ping_status":"closed","template":"","meta":{"footnotes":""},"yoast_head":"<!-- This site is optimized with the Yoast SEO plugin v21.5 - https:\/\/yoast.com\/wordpress\/plugins\/seo\/ -->\n<title>A\u011f\u0131r Vas\u0131ta Ara\u00e7 Tamiri - Ozkeskinogullari Transport<\/title>\n<meta name=\"robots\" content=\"index, follow, max-snippet:-1, max-image-preview:large, max-video-preview:-1\" \/>\n<link rel=\"canonical\" href=\"https:\/\/ozkeskinogullari.com\/sq\/agir-vasita-arac-tamiri\/\" \/>\n<meta property=\"og:locale\" content=\"sq_AL\" \/>\n<meta property=\"og:type\" content=\"article\" \/>\n<meta property=\"og:title\" content=\"A\u011f\u0131r Vas\u0131ta Ara\u00e7 Tamiri - Ozkeskinogullari Transport\" \/>\n<meta property=\"og:url\" content=\"https:\/\/ozkeskinogullari.com\/sq\/agir-vasita-arac-tamiri\/\" \/>\n<meta property=\"og:site_name\" content=\"Ozkeskinogullari Transport\" \/>\n<meta property=\"article:publisher\" content=\"https:\/\/www.facebook.com\/keskintransport\" \/>\n<meta property=\"article:modified_time\" content=\"2023-10-31T11:08:11+00:00\" \/>\n<meta property=\"og:image\" content=\"https:\/\/ozkeskinogullari.com\/wp-content\/uploads\/2023\/03\/ozkeskinogullari-logo-jpg.jpg\" \/>\n\t<meta property=\"og:image:width\" content=\"1000\" \/>\n\t<meta property=\"og:image:height\" content=\"1000\" \/>\n\t<meta property=\"og:image:type\" content=\"image\/jpeg\" \/>\n<meta name=\"twitter:card\" content=\"summary_large_image\" \/>\n<meta name=\"twitter:label1\" content=\"Est. reading time\" \/>\n\t<meta name=\"twitter:data1\" content=\"2 minuta\" \/>\n<script type=\"application\/ld+json\" class=\"yoast-schema-graph\">{\"@context\":\"https:\/\/schema.org\",\"@graph\":[{\"@type\":\"WebPage\",\"@id\":\"https:\/\/ozkeskinogullari.com\/agir-vasita-arac-tamiri\/\",\"url\":\"https:\/\/ozkeskinogullari.com\/agir-vasita-arac-tamiri\/\",\"name\":\"A\u011f\u0131r Vas\u0131ta Ara\u00e7 Tamiri - Ozkeskinogullari Transport\",\"isPartOf\":{\"@id\":\"https:\/\/ozkeskinogullari.com\/#website\"},\"datePublished\":\"2023-10-26T10:41:51+00:00\",\"dateModified\":\"2023-10-31T11:08:11+00:00\",\"breadcrumb\":{\"@id\":\"https:\/\/ozkeskinogullari.com\/agir-vasita-arac-tamiri\/#breadcrumb\"},\"inLanguage\":\"sq\",\"potentialAction\":[{\"@type\":\"ReadAction\",\"target\":[\"https:\/\/ozkeskinogullari.com\/agir-vasita-arac-tamiri\/\"]}]},{\"@type\":\"BreadcrumbList\",\"@id\":\"https:\/\/ozkeskinogullari.com\/agir-vasita-arac-tamiri\/#breadcrumb\",\"itemListElement\":[{\"@type\":\"ListItem\",\"position\":1,\"name\":\"Anasayfa\",\"item\":\"https:\/\/ozkeskinogullari.com\/\"},{\"@type\":\"ListItem\",\"position\":2,\"name\":\"A\u011f\u0131r Vas\u0131ta Ara\u00e7 Tamiri\"}]},{\"@type\":\"WebSite\",\"@id\":\"https:\/\/ozkeskinogullari.com\/#website\",\"url\":\"https:\/\/ozkeskinogullari.com\/\",\"name\":\"\u00d6zkeskinogullari Transport | Lojistik\",\"description\":\"Lojistik sekt\u00f6r\u00fcn\u00fcn lideri!\",\"publisher\":{\"@id\":\"https:\/\/ozkeskinogullari.com\/#organization\"},\"alternateName\":\"\u00d6zkeskinogullari Transport | Lojistik\",\"potentialAction\":[{\"@type\":\"SearchAction\",\"target\":{\"@type\":\"EntryPoint\",\"urlTemplate\":\"https:\/\/ozkeskinogullari.com\/?s={search_term_string}\"},\"query-input\":\"required name=search_term_string\"}],\"inLanguage\":\"sq\"},{\"@type\":\"Organization\",\"@id\":\"https:\/\/ozkeskinogullari.com\/#organization\",\"name\":\"\u00d6zkeskinogullari Transport | Lojistik\",\"alternateName\":\"\u00d6zkeskinogullari Transport | Lojistik\",\"url\":\"https:\/\/ozkeskinogullari.com\/\",\"logo\":{\"@type\":\"ImageObject\",\"inLanguage\":\"sq\",\"@id\":\"https:\/\/ozkeskinogullari.com\/#\/schema\/logo\/image\/\",\"url\":\"https:\/\/ozkeskinogullari.com\/wp-content\/uploads\/2023\/03\/ozkeskinogullari-logo-jpg.jpg\",\"contentUrl\":\"https:\/\/ozkeskinogullari.com\/wp-content\/uploads\/2023\/03\/ozkeskinogullari-logo-jpg.jpg\",\"width\":1000,\"height\":1000,\"caption\":\"\u00d6zkeskinogullari Transport | Lojistik\"},\"image\":{\"@id\":\"https:\/\/ozkeskinogullari.com\/#\/schema\/logo\/image\/\"},\"sameAs\":[\"https:\/\/www.facebook.com\/keskintransport\",\"https:\/\/www.instagram.com\/ozkeskintransport\/\",\"https:\/\/www.linkedin.com\/company\/zkeskinoullar-transport\/\"]}]}<\/script>\n<!-- \/ Yoast SEO plugin. -->","yoast_head_json":{"title":"A\u011f\u0131r Vas\u0131ta Ara\u00e7 Tamiri - Ozkeskinogullari Transport","robots":{"index":"index","follow":"follow","max-snippet":"max-snippet:-1","max-image-preview":"max-image-preview:large","max-video-preview":"max-video-preview:-1"},"canonical":"https:\/\/ozkeskinogullari.com\/sq\/agir-vasita-arac-tamiri\/","og_locale":"sq_AL","og_type":"article","og_title":"A\u011f\u0131r Vas\u0131ta Ara\u00e7 Tamiri - Ozkeskinogullari Transport","og_url":"https:\/\/ozkeskinogullari.com\/sq\/agir-vasita-arac-tamiri\/","og_site_name":"Ozkeskinogullari Transport","article_publisher":"https:\/\/www.facebook.com\/keskintransport","article_modified_time":"2023-10-31T11:08:11+00:00","og_image":[{"width":1000,"height":1000,"url":"https:\/\/ozkeskinogullari.com\/wp-content\/uploads\/2023\/03\/ozkeskinogullari-logo-jpg.jpg","type":"image\/jpeg"}],"twitter_card":"summary_large_image","twitter_misc":{"Est. reading time":"2 minuta"},"schema":{"@context":"https:\/\/schema.org","@graph":[{"@type":"WebPage","@id":"https:\/\/ozkeskinogullari.com\/agir-vasita-arac-tamiri\/","url":"https:\/\/ozkeskinogullari.com\/agir-vasita-arac-tamiri\/","name":"A\u011f\u0131r Vas\u0131ta Ara\u00e7 Tamiri - Ozkeskinogullari Transport","isPartOf":{"@id":"https:\/\/ozkeskinogullari.com\/#website"},"datePublished":"2023-10-26T10:41:51+00:00","dateModified":"2023-10-31T11:08:11+00:00","breadcrumb":{"@id":"https:\/\/ozkeskinogullari.com\/agir-vasita-arac-tamiri\/#breadcrumb"},"inLanguage":"sq","potentialAction":[{"@type":"ReadAction","target":["https:\/\/ozkeskinogullari.com\/agir-vasita-arac-tamiri\/"]}]},{"@type":"BreadcrumbList","@id":"https:\/\/ozkeskinogullari.com\/agir-vasita-arac-tamiri\/#breadcrumb","itemListElement":[{"@type":"ListItem","position":1,"name":"Anasayfa","item":"https:\/\/ozkeskinogullari.com\/"},{"@type":"ListItem","position":2,"name":"A\u011f\u0131r Vas\u0131ta Ara\u00e7 Tamiri"}]},{"@type":"WebSite","@id":"https:\/\/ozkeskinogullari.com\/#website","url":"https:\/\/ozkeskinogullari.com\/","name":"\u00d6zkeskinogullari Transport | Lojistik","description":"Lojistik sekt\u00f6r\u00fcn\u00fcn lideri!","publisher":{"@id":"https:\/\/ozkeskinogullari.com\/#organization"},"alternateName":"\u00d6zkeskinogullari Transport | Lojistik","potentialAction":[{"@type":"SearchAction","target":{"@type":"EntryPoint","urlTemplate":"https:\/\/ozkeskinogullari.com\/?s={search_term_string}"},"query-input":"required name=search_term_string"}],"inLanguage":"sq"},{"@type":"Organization","@id":"https:\/\/ozkeskinogullari.com\/#organization","name":"\u00d6zkeskinogullari Transport | Lojistik","alternateName":"\u00d6zkeskinogullari Transport | Lojistik","url":"https:\/\/ozkeskinogullari.com\/","logo":{"@type":"ImageObject","inLanguage":"sq","@id":"https:\/\/ozkeskinogullari.com\/#\/schema\/logo\/image\/","url":"https:\/\/ozkeskinogullari.com\/wp-content\/uploads\/2023\/03\/ozkeskinogullari-logo-jpg.jpg","contentUrl":"https:\/\/ozkeskinogullari.com\/wp-content\/uploads\/2023\/03\/ozkeskinogullari-logo-jpg.jpg","width":1000,"height":1000,"caption":"\u00d6zkeskinogullari Transport | Lojistik"},"image":{"@id":"https:\/\/ozkeskinogullari.com\/#\/schema\/logo\/image\/"},"sameAs":["https:\/\/www.facebook.com\/keskintransport","https:\/\/www.instagram.com\/ozkeskintransport\/","https:\/\/www.linkedin.com\/company\/zkeskinoullar-transport\/"]}]}},"_links":{"self":[{"href":"https:\/\/ozkeskinogullari.com\/sq\/wp-json\/wp\/v2\/pages\/45"}],"collection":[{"href":"https:\/\/ozkeskinogullari.com\/sq\/wp-json\/wp\/v2\/pages"}],"about":[{"href":"https:\/\/ozkeskinogullari.com\/sq\/wp-json\/wp\/v2\/types\/page"}],"author":[{"embeddable":true,"href":"https:\/\/ozkeskinogullari.com\/sq\/wp-json\/wp\/v2\/users\/1"}],"replies":[{"embeddable":true,"href":"https:\/\/ozkeskinogullari.com\/sq\/wp-json\/wp\/v2\/comments?post=45"}],"version-history":[{"count":8,"href":"https:\/\/ozkeskinogullari.com\/sq\/wp-json\/wp\/v2\/pages\/45\/revisions"}],"predecessor-version":[{"id":143,"href":"https:\/\/ozkeskinogullari.com\/sq\/wp-json\/wp\/v2\/pages\/45\/revisions\/143"}],"wp:attachment":[{"href":"https:\/\/ozkeskinogullari.com\/sq\/wp-json\/wp\/v2\/media?parent=45"}],"curies":[{"name":"wp","href":"https:\/\/api.w.org\/{rel}","templated":true}]}}