{"id":47,"date":"2023-10-26T13:42:01","date_gmt":"2023-10-26T10:42:01","guid":{"rendered":"https:\/\/ozkeskinogullari.com\/?page_id=47"},"modified":"2023-10-31T14:27:32","modified_gmt":"2023-10-31T11:27:32","slug":"depolama-hizmeti","status":"publish","type":"page","link":"https:\/\/ozkeskinogullari.com\/sq\/depolama-hizmeti\/","title":{"rendered":"Sh\u00ebrbimi i ruajtjes"},"content":{"rendered":"<section class=\"wpb-content-wrapper\"><div id=\"banners-row\" class=\"vc_row wpb_row vc_row-fluid\"><div class=\"wpb_column vc_column_container vc_col-sm-12\"><div class=\"vc_column-inner\"><div class=\"wpb_wrapper\">\t\t\t<link rel=\"stylesheet\" id=\"wd-banner-css\" href=\"https:\/\/ozkeskinogullari.com\/wp-content\/themes\/pixel-wp\/css\/parts\/wpb-el-banner.min.css?ver=6.1\" type=\"text\/css\" media=\"all\" \/> \t\t\t\t\t<div class=\"promo-banner-wrapper\">\r\n\t\t\t<div id=\"wd-6540e49e96963\" class=\"promo-banner banner- banner-hover-none color-scheme-light banner-btn-size-default banner-btn-style-default wd-display-image banner-vr-align-middle banner-hr-align-center\" \r\n\t\t\t\t\t\t\t\t\t\t\t >\r\n\r\n\t\t\t\t<div class=\"main-wrapp-img\">\r\n\t\t\t\t\t\t\t\t\t\t\t<div class=\"banner-image\">\r\n\t\t\t\t\t\t\t<img width=\"1920\" height=\"500\" src=\"https:\/\/ozkeskinogullari.com\/wp-content\/uploads\/2023\/10\/hizmet-banner-image-2.jpg\" class=\"promo-banner-image attachment-full\" alt=\"\" decoding=\"async\" title=\"hizmet-banner-image-2\" loading=\"lazy\" srcset=\"https:\/\/ozkeskinogullari.com\/wp-content\/uploads\/2023\/10\/hizmet-banner-image-2.jpg 1920w, https:\/\/ozkeskinogullari.com\/wp-content\/uploads\/2023\/10\/hizmet-banner-image-2-300x78.jpg 300w, https:\/\/ozkeskinogullari.com\/wp-content\/uploads\/2023\/10\/hizmet-banner-image-2-1024x267.jpg 1024w, https:\/\/ozkeskinogullari.com\/wp-content\/uploads\/2023\/10\/hizmet-banner-image-2-768x200.jpg 768w, https:\/\/ozkeskinogullari.com\/wp-content\/uploads\/2023\/10\/hizmet-banner-image-2-1536x400.jpg 1536w, https:\/\/ozkeskinogullari.com\/wp-content\/uploads\/2023\/10\/hizmet-banner-image-2-18x5.jpg 18w\" sizes=\"(max-width: 1920px) 100vw, 1920px\" \/>\t\t\t\t\t\t<\/div>\r\n\t\t\t\t\t\t\t\t\t<\/div>\r\n\r\n\t\t\t\t<div class=\"wrapper-content-banner wd-fill  wd-items-middle wd-justify-center\">\r\n\t\t\t\t\t<div class=\"content-banner text-center wd-width-100\">\r\n\t\t\t\t\t\t\t<div class=\"banner-title-wrap banner-title-default\">\r\n\t\t\t\t\t\t\t\t\t\t\t\t\t\t\t\t\t\t\t\t\t\t\t\t\t<\/div>\r\n\t\t\t\t\t\t\t\t\t\t\t\t\t<div class=\"banner-inner set-cont-mb-s reset-last-child wd-fontsize-xs\">\r\n\t\t\t\t\t\t\t\t<\/p>\n<h1 style=\"text-align: center;\">Sh\u00ebrbimi i ruajtjes<\/h1>\n<p>\n\t\t\t\t\t\t\t<\/div>\r\n\t\t\t\t\t\t\t\t\t\t\t\t\t\t\t\t\t<\/div>\r\n\t\t\t\t<\/div>\r\n\t\t\t\t\t\t\t<\/div>\r\n\t\t<\/div>\r\n\t\t\r\n\t\t<\/div><\/div><\/div><\/div><div id=\"hizmet-content\" class=\"vc_row wpb_row vc_row-fluid\"><div class=\"wpb_column vc_column_container vc_col-sm-12\"><div class=\"vc_column-inner\"><div class=\"wpb_wrapper\">\n\t<div class=\"wpb_text_column wpb_content_element\" >\n\t\t<div class=\"wpb_wrapper\">\n\t\t\t<h2 style=\"text-align: center;\">\"Sh\u00ebrbimi i ruajtjes: Ruajtja e sigurt dhe e organizuar e artikujve\"<\/h2>\n<p style=\"text-align: center;\">Sh\u00ebrbimi i ruajtjes plot\u00ebson nj\u00eb nevoj\u00eb t\u00eb r\u00ebnd\u00ebsishme p\u00ebr shum\u00eb individ\u00eb dhe biznese sot. Ky sh\u00ebrbim ofron mbajtjen dhe ruajtjen e p\u00ebrkohshme t\u00eb sigurt t\u00eb artikujve. Nd\u00ebrsa individ\u00ebt n\u00eb p\u00ebrgjith\u00ebsi p\u00ebrdorin sh\u00ebrbimet e ruajtjes gjat\u00eb l\u00ebvizjeve t\u00eb sht\u00ebpis\u00eb ose kur nuk duan t\u00eb mbajn\u00eb shum\u00eb sende n\u00eb sht\u00ebpit\u00eb e tyre, bizneset n\u00eb p\u00ebrgjith\u00ebsi e p\u00ebrdorin k\u00ebt\u00eb sh\u00ebrbim p\u00ebr q\u00ebllime t\u00eb tilla si menaxhimi i inventarit, ruajtja e pajisjeve sezonale ose ruajtja e dokumenteve.<\/p>\n<p style=\"text-align: center;\">Objektet e magazinimit shpesh ofrojn\u00eb nj\u00ebsi magazinimi t\u00eb madh\u00ebsive t\u00eb ndryshme. K\u00ebto nj\u00ebsi mund t\u00eb zgjidhen n\u00eb baz\u00eb t\u00eb madh\u00ebsis\u00eb dhe sasis\u00eb s\u00eb artikujve dhe zakonisht ofrohen me \u00e7mime t\u00eb p\u00ebrballueshme bazuar n\u00eb periudh\u00ebn e qiras\u00eb. Artikujt vendosen n\u00eb nj\u00ebsi magazinimi dhe zakonisht paketohen, organizohen dhe etiketohen p\u00ebr t'iu p\u00ebrshtatur nevojave individuale.<\/p>\n<p style=\"text-align: center;\">Ky sh\u00ebrbim p\u00ebrfshin gjithashtu sigurin\u00eb e sendeve tuaja. Objektet e magazinimit shpesh sigurojn\u00eb sigurin\u00eb e artikujve duke p\u00ebrdorur masa t\u00eb tilla si kamerat e siguris\u00eb 24\/7, sistemet e monitorimit dhe kontrollet e rrepta t\u00eb aksesit. P\u00ebrve\u00e7 k\u00ebsaj, mund t\u00eb sigurohen kushte t\u00eb ve\u00e7anta magazinimi p\u00ebr disa artikuj t\u00eb ndjesh\u00ebm, p\u00ebr shembull, mund t\u00eb sigurohen mjedise t\u00eb p\u00ebrshtatshme p\u00ebr artikujt q\u00eb k\u00ebrkojn\u00eb kontroll t\u00eb klim\u00ebs.<\/p>\n<p style=\"text-align: center;\">Sh\u00ebrbimi i ruajtjes ofron gjithashtu nj\u00eb zgjidhje ideale p\u00ebr mbrojtjen dhe ruajtjen afatgjat\u00eb t\u00eb artikujve. Nj\u00ebsit\u00eb e ruajtjes sigurojn\u00eb q\u00eb artikujt t\u00eb mbrohen nga pluhuri, lag\u00ebshtia dhe faktor\u00eb t\u00eb tjer\u00eb t\u00eb jasht\u00ebm. Kjo siguron ruajtjen afatgjat\u00eb t\u00eb artikujve dhe gjendjes s\u00eb tyre.<\/p>\n<p style=\"text-align: center;\">P\u00ebr bizneset, sh\u00ebrbimet e magazinimit ofrojn\u00eb avantazhe si ruajtja e pajisjeve ose stoqeve sezonale, arkivimi i dokumenteve ose zgjerimi i zonave t\u00eb magazin\u00ebs n\u00eb var\u00ebsi t\u00eb k\u00ebrkes\u00ebs. Kjo i lejon bizneset t\u00eb p\u00ebrdorin hap\u00ebsir\u00ebn e tyre fizike n\u00eb m\u00ebnyr\u00eb m\u00eb efektive dhe mund t'i b\u00ebjn\u00eb proceset e biznesit m\u00eb t\u00eb organizuar.<\/p>\n<p style=\"text-align: center;\">Sh\u00ebrbimi i ruajtjes ofron gjithashtu komoditet t\u00eb madh gjat\u00eb procesit t\u00eb l\u00ebvizjes. N\u00eb rastet kur l\u00ebvizja e sht\u00ebpis\u00eb ose sendet duhet t\u00eb ruhen p\u00ebrkoh\u00ebsisht, sh\u00ebrbimi i ruajtjes siguron q\u00eb artikujt t\u00eb mbrohen n\u00eb m\u00ebnyr\u00eb t\u00eb sigurt dhe t\u00eb mund t\u00eb aksesohen p\u00ebrs\u00ebri kur \u00ebsht\u00eb e nevojshme.<\/p>\n<p style=\"text-align: center;\">Si rezultat, sh\u00ebrbimi i ruajtjes ofron nj\u00eb zgjidhje ideale p\u00ebr ruajtjen dhe mbrojtjen e p\u00ebrkohshme t\u00eb sendeve. Mund t\u00eb personalizohet p\u00ebr t'iu p\u00ebrshtatur nevojave t\u00eb individ\u00ebve dhe bizneseve. Ai luan nj\u00eb rol t\u00eb r\u00ebnd\u00ebsish\u00ebm n\u00eb sigurin\u00eb, rendin dhe mbrojtjen e sendeve dhe ofron nj\u00eb zgjidhje praktike p\u00ebr shum\u00eb njer\u00ebz.<\/p>\n\n\t\t<\/div>\n\t<\/div>\n<\/div><\/div><\/div><\/div><div id=\"form\" class=\"vc_row wpb_row vc_row-fluid\"><div class=\"wpb_column vc_column_container vc_col-sm-12\"><div class=\"vc_column-inner\"><div class=\"wpb_wrapper\">\n\t<div class=\"wpb_text_column wpb_content_element\" >\n\t\t<div class=\"wpb_wrapper\">\n\t\t\t<h5 id=\"brxe-elmvah\" class=\"brxe-heading main__sub-title\" style=\"text-align: center;\">NA KONTAKTONI<\/h5>\n<h2 id=\"brxe-gscczu\" class=\"brxe-heading main__title\" style=\"text-align: center;\">LE NA KONTAKTONI!<\/h2>\n\n\t\t<\/div>\n\t<\/div>\n\n<div class=\"wpcf7 no-js\" id=\"wpcf7-f8-o1\" lang=\"tr-TR\" dir=\"ltr\">\n<div class=\"screen-reader-response\"><p role=\"status\" aria-live=\"polite\" aria-atomic=\"true\"><\/p> <ul><\/ul><\/div>\n<form action=\"\/sq\/wp-json\/wp\/v2\/pages\/47#wpcf7-f8-o1\" method=\"post\" class=\"wpcf7-form init\" aria-label=\"Contact form\" novalidate=\"novalidate\" data-status=\"init\" data-trp-original-action=\"\/sq\/wp-json\/wp\/v2\/pages\/47#wpcf7-f8-o1\">\n<div style=\"display: none;\">\n<input type=\"hidden\" name=\"_wpcf7\" value=\"8\" \/>\n<input type=\"hidden\" name=\"_wpcf7_version\" value=\"5.8.2\" \/>\n<input type=\"hidden\" name=\"_wpcf7_locale\" value=\"tr_TR\" \/>\n<input type=\"hidden\" name=\"_wpcf7_unit_tag\" value=\"wpcf7-f8-o1\" \/>\n<input type=\"hidden\" name=\"_wpcf7_container_post\" value=\"0\" \/>\n<input type=\"hidden\" name=\"_wpcf7_posted_data_hash\" value=\"\" \/>\n<\/div>\n<p><label> Emri juaj;<br \/>\n<span class=\"wpcf7-form-control-wrap\" data-name=\"your-name\"><input size=\"40\" class=\"wpcf7-form-control wpcf7-text wpcf7-validates-as-required\" autocomplete=\"name\" aria-required=\"true\" aria-invalid=\"false\" value=\"\" type=\"text\" name=\"your-name\" \/><\/span> <\/label>\n<\/p>\n<p><label> Email<br \/>\n<span class=\"wpcf7-form-control-wrap\" data-name=\"your-email\"><input size=\"40\" class=\"wpcf7-form-control wpcf7-email wpcf7-validates-as-required wpcf7-text wpcf7-validates-as-email\" autocomplete=\"email\" aria-required=\"true\" aria-invalid=\"false\" value=\"\" type=\"email\" name=\"your-email\" \/><\/span> <\/label>\n<\/p>\n<p><label> L\u00ebnda;<br \/>\n<span class=\"wpcf7-form-control-wrap\" data-name=\"your-subject\"><input size=\"40\" class=\"wpcf7-form-control wpcf7-text wpcf7-validates-as-required\" aria-required=\"true\" aria-invalid=\"false\" value=\"\" type=\"text\" name=\"your-subject\" \/><\/span> <\/label>\n<\/p>\n<p><label> Mesazhi juaj (Opsionale)<br \/>\n<span class=\"wpcf7-form-control-wrap\" data-name=\"your-message\"><textarea cols=\"40\" rows=\"10\" class=\"wpcf7-form-control wpcf7-textarea\" aria-invalid=\"false\" name=\"your-message\"><\/textarea><\/span> <\/label>\n<\/p>\n<p><input class=\"wpcf7-form-control wpcf7-submit has-spinner\" type=\"submit\" value=\"D\u00ebrgo\" \/>\n<\/p><div class=\"wpcf7-response-output\" aria-hidden=\"true\"><\/div>\n<input type=\"hidden\" name=\"trp-form-language\" value=\"sq\"\/><\/form>\n<\/div>\n<\/div><\/div><\/div><\/div>\n<\/section>","protected":false},"excerpt":{"rendered":"Depolama Hizmeti \"Depolama Hizmeti: E\u015fyalar\u0131n G\u00fcvenli ve Organize Saklanmas\u0131\" Depolama hizmeti, g\u00fcn\u00fcm\u00fczde bir\u00e7ok birey ve i\u015fletme i\u00e7in \u00f6nemli bir ihtiyac\u0131","protected":false},"author":1,"featured_media":0,"parent":0,"menu_order":0,"comment_status":"closed","ping_status":"closed","template":"","meta":{"footnotes":""},"yoast_head":"<!-- This site is optimized with the Yoast SEO plugin v21.5 - https:\/\/yoast.com\/wordpress\/plugins\/seo\/ -->\n<title>Depolama Hizmeti - Ozkeskinogullari Transport<\/title>\n<meta name=\"robots\" content=\"index, follow, max-snippet:-1, max-image-preview:large, max-video-preview:-1\" \/>\n<link rel=\"canonical\" href=\"https:\/\/ozkeskinogullari.com\/sq\/depolama-hizmeti\/\" \/>\n<meta property=\"og:locale\" content=\"sq_AL\" \/>\n<meta property=\"og:type\" content=\"article\" \/>\n<meta property=\"og:title\" content=\"Depolama Hizmeti - Ozkeskinogullari Transport\" \/>\n<meta property=\"og:url\" content=\"https:\/\/ozkeskinogullari.com\/sq\/depolama-hizmeti\/\" \/>\n<meta property=\"og:site_name\" content=\"Ozkeskinogullari Transport\" \/>\n<meta property=\"article:publisher\" content=\"https:\/\/www.facebook.com\/keskintransport\" \/>\n<meta property=\"article:modified_time\" content=\"2023-10-31T11:27:32+00:00\" \/>\n<meta property=\"og:image\" content=\"https:\/\/ozkeskinogullari.com\/wp-content\/uploads\/2023\/03\/ozkeskinogullari-logo-jpg.jpg\" \/>\n\t<meta property=\"og:image:width\" content=\"1000\" \/>\n\t<meta property=\"og:image:height\" content=\"1000\" \/>\n\t<meta property=\"og:image:type\" content=\"image\/jpeg\" \/>\n<meta name=\"twitter:card\" content=\"summary_large_image\" \/>\n<meta name=\"twitter:label1\" content=\"Est. reading time\" \/>\n\t<meta name=\"twitter:data1\" content=\"3 minuta\" \/>\n<script type=\"application\/ld+json\" class=\"yoast-schema-graph\">{\"@context\":\"https:\/\/schema.org\",\"@graph\":[{\"@type\":\"WebPage\",\"@id\":\"https:\/\/ozkeskinogullari.com\/depolama-hizmeti\/\",\"url\":\"https:\/\/ozkeskinogullari.com\/depolama-hizmeti\/\",\"name\":\"Depolama Hizmeti - Ozkeskinogullari Transport\",\"isPartOf\":{\"@id\":\"https:\/\/ozkeskinogullari.com\/#website\"},\"datePublished\":\"2023-10-26T10:42:01+00:00\",\"dateModified\":\"2023-10-31T11:27:32+00:00\",\"breadcrumb\":{\"@id\":\"https:\/\/ozkeskinogullari.com\/depolama-hizmeti\/#breadcrumb\"},\"inLanguage\":\"sq\",\"potentialAction\":[{\"@type\":\"ReadAction\",\"target\":[\"https:\/\/ozkeskinogullari.com\/depolama-hizmeti\/\"]}]},{\"@type\":\"BreadcrumbList\",\"@id\":\"https:\/\/ozkeskinogullari.com\/depolama-hizmeti\/#breadcrumb\",\"itemListElement\":[{\"@type\":\"ListItem\",\"position\":1,\"name\":\"Anasayfa\",\"item\":\"https:\/\/ozkeskinogullari.com\/\"},{\"@type\":\"ListItem\",\"position\":2,\"name\":\"Depolama Hizmeti\"}]},{\"@type\":\"WebSite\",\"@id\":\"https:\/\/ozkeskinogullari.com\/#website\",\"url\":\"https:\/\/ozkeskinogullari.com\/\",\"name\":\"\u00d6zkeskinogullari Transport | Lojistik\",\"description\":\"Lojistik sekt\u00f6r\u00fcn\u00fcn lideri!\",\"publisher\":{\"@id\":\"https:\/\/ozkeskinogullari.com\/#organization\"},\"alternateName\":\"\u00d6zkeskinogullari Transport | Lojistik\",\"potentialAction\":[{\"@type\":\"SearchAction\",\"target\":{\"@type\":\"EntryPoint\",\"urlTemplate\":\"https:\/\/ozkeskinogullari.com\/?s={search_term_string}\"},\"query-input\":\"required name=search_term_string\"}],\"inLanguage\":\"sq\"},{\"@type\":\"Organization\",\"@id\":\"https:\/\/ozkeskinogullari.com\/#organization\",\"name\":\"\u00d6zkeskinogullari Transport | Lojistik\",\"alternateName\":\"\u00d6zkeskinogullari Transport | Lojistik\",\"url\":\"https:\/\/ozkeskinogullari.com\/\",\"logo\":{\"@type\":\"ImageObject\",\"inLanguage\":\"sq\",\"@id\":\"https:\/\/ozkeskinogullari.com\/#\/schema\/logo\/image\/\",\"url\":\"https:\/\/ozkeskinogullari.com\/wp-content\/uploads\/2023\/03\/ozkeskinogullari-logo-jpg.jpg\",\"contentUrl\":\"https:\/\/ozkeskinogullari.com\/wp-content\/uploads\/2023\/03\/ozkeskinogullari-logo-jpg.jpg\",\"width\":1000,\"height\":1000,\"caption\":\"\u00d6zkeskinogullari Transport | Lojistik\"},\"image\":{\"@id\":\"https:\/\/ozkeskinogullari.com\/#\/schema\/logo\/image\/\"},\"sameAs\":[\"https:\/\/www.facebook.com\/keskintransport\",\"https:\/\/www.instagram.com\/ozkeskintransport\/\",\"https:\/\/www.linkedin.com\/company\/zkeskinoullar-transport\/\"]}]}<\/script>\n<!-- \/ Yoast SEO plugin. -->","yoast_head_json":{"title":"Depolama Hizmeti - Ozkeskinogullari Transport","robots":{"index":"index","follow":"follow","max-snippet":"max-snippet:-1","max-image-preview":"max-image-preview:large","max-video-preview":"max-video-preview:-1"},"canonical":"https:\/\/ozkeskinogullari.com\/sq\/depolama-hizmeti\/","og_locale":"sq_AL","og_type":"article","og_title":"Depolama Hizmeti - Ozkeskinogullari Transport","og_url":"https:\/\/ozkeskinogullari.com\/sq\/depolama-hizmeti\/","og_site_name":"Ozkeskinogullari Transport","article_publisher":"https:\/\/www.facebook.com\/keskintransport","article_modified_time":"2023-10-31T11:27:32+00:00","og_image":[{"width":1000,"height":1000,"url":"https:\/\/ozkeskinogullari.com\/wp-content\/uploads\/2023\/03\/ozkeskinogullari-logo-jpg.jpg","type":"image\/jpeg"}],"twitter_card":"summary_large_image","twitter_misc":{"Est. reading time":"3 minuta"},"schema":{"@context":"https:\/\/schema.org","@graph":[{"@type":"WebPage","@id":"https:\/\/ozkeskinogullari.com\/depolama-hizmeti\/","url":"https:\/\/ozkeskinogullari.com\/depolama-hizmeti\/","name":"Depolama Hizmeti - Ozkeskinogullari Transport","isPartOf":{"@id":"https:\/\/ozkeskinogullari.com\/#website"},"datePublished":"2023-10-26T10:42:01+00:00","dateModified":"2023-10-31T11:27:32+00:00","breadcrumb":{"@id":"https:\/\/ozkeskinogullari.com\/depolama-hizmeti\/#breadcrumb"},"inLanguage":"sq","potentialAction":[{"@type":"ReadAction","target":["https:\/\/ozkeskinogullari.com\/depolama-hizmeti\/"]}]},{"@type":"BreadcrumbList","@id":"https:\/\/ozkeskinogullari.com\/depolama-hizmeti\/#breadcrumb","itemListElement":[{"@type":"ListItem","position":1,"name":"Anasayfa","item":"https:\/\/ozkeskinogullari.com\/"},{"@type":"ListItem","position":2,"name":"Depolama Hizmeti"}]},{"@type":"WebSite","@id":"https:\/\/ozkeskinogullari.com\/#website","url":"https:\/\/ozkeskinogullari.com\/","name":"\u00d6zkeskinogullari Transport | Lojistik","description":"Lojistik sekt\u00f6r\u00fcn\u00fcn lideri!","publisher":{"@id":"https:\/\/ozkeskinogullari.com\/#organization"},"alternateName":"\u00d6zkeskinogullari Transport | Lojistik","potentialAction":[{"@type":"SearchAction","target":{"@type":"EntryPoint","urlTemplate":"https:\/\/ozkeskinogullari.com\/?s={search_term_string}"},"query-input":"required name=search_term_string"}],"inLanguage":"sq"},{"@type":"Organization","@id":"https:\/\/ozkeskinogullari.com\/#organization","name":"\u00d6zkeskinogullari Transport | Lojistik","alternateName":"\u00d6zkeskinogullari Transport | Lojistik","url":"https:\/\/ozkeskinogullari.com\/","logo":{"@type":"ImageObject","inLanguage":"sq","@id":"https:\/\/ozkeskinogullari.com\/#\/schema\/logo\/image\/","url":"https:\/\/ozkeskinogullari.com\/wp-content\/uploads\/2023\/03\/ozkeskinogullari-logo-jpg.jpg","contentUrl":"https:\/\/ozkeskinogullari.com\/wp-content\/uploads\/2023\/03\/ozkeskinogullari-logo-jpg.jpg","width":1000,"height":1000,"caption":"\u00d6zkeskinogullari Transport | Lojistik"},"image":{"@id":"https:\/\/ozkeskinogullari.com\/#\/schema\/logo\/image\/"},"sameAs":["https:\/\/www.facebook.com\/keskintransport","https:\/\/www.instagram.com\/ozkeskintransport\/","https:\/\/www.linkedin.com\/company\/zkeskinoullar-transport\/"]}]}},"_links":{"self":[{"href":"https:\/\/ozkeskinogullari.com\/sq\/wp-json\/wp\/v2\/pages\/47"}],"collection":[{"href":"https:\/\/ozkeskinogullari.com\/sq\/wp-json\/wp\/v2\/pages"}],"about":[{"href":"https:\/\/ozkeskinogullari.com\/sq\/wp-json\/wp\/v2\/types\/page"}],"author":[{"embeddable":true,"href":"https:\/\/ozkeskinogullari.com\/sq\/wp-json\/wp\/v2\/users\/1"}],"replies":[{"embeddable":true,"href":"https:\/\/ozkeskinogullari.com\/sq\/wp-json\/wp\/v2\/comments?post=47"}],"version-history":[{"count":4,"href":"https:\/\/ozkeskinogullari.com\/sq\/wp-json\/wp\/v2\/pages\/47\/revisions"}],"predecessor-version":[{"id":150,"href":"https:\/\/ozkeskinogullari.com\/sq\/wp-json\/wp\/v2\/pages\/47\/revisions\/150"}],"wp:attachment":[{"href":"https:\/\/ozkeskinogullari.com\/sq\/wp-json\/wp\/v2\/media?parent=47"}],"curies":[{"name":"wp","href":"https:\/\/api.w.org\/{rel}","templated":true}]}}